{"id":14065,"date":"2024-11-17T22:42:50","date_gmt":"2024-11-17T21:42:50","guid":{"rendered":"https:\/\/visitvendsyssel.dk\/?page_id=14065"},"modified":"2024-11-17T23:43:36","modified_gmt":"2024-11-17T22:43:36","slug":"color-hotel-skagen","status":"publish","type":"page","link":"https:\/\/visitvendsyssel.dk\/de\/color-hotel-skagen\/","title":{"rendered":"Farbenhotel Skagen"},"content":{"rendered":"<div data-elementor-type=\"wp-page\" data-elementor-id=\"14065\" class=\"elementor elementor-14065\" data-elementor-post-type=\"page\">\n\t\t\t\t\t\t<section data-particle_enable=\"false\" data-particle-mobile-disabled=\"false\" class=\"elementor-section elementor-top-section elementor-element elementor-element-3a14ed0 ct-section-stretched elementor-section-boxed elementor-section-height-default elementor-section-height-default\" data-id=\"3a14ed0\" data-element_type=\"section\" data-e-type=\"section\" data-settings=\"{&quot;background_background&quot;:&quot;classic&quot;}\">\n\t\t\t\t\t\t\t<div class=\"elementor-background-overlay\"><\/div>\n\t\t\t\t\t\t\t<div class=\"elementor-container elementor-column-gap-no\">\n\t\t\t\t\t<div class=\"elementor-column elementor-col-100 elementor-top-column elementor-element elementor-element-1bbfce18\" data-id=\"1bbfce18\" data-element_type=\"column\" data-e-type=\"column\">\n\t\t\t<div class=\"elementor-widget-wrap elementor-element-populated\">\n\t\t\t\t\t\t<section data-particle_enable=\"false\" data-particle-mobile-disabled=\"false\" class=\"elementor-section elementor-inner-section elementor-element elementor-element-5edc86d5 elementor-section-boxed elementor-section-height-default elementor-section-height-default\" data-id=\"5edc86d5\" data-element_type=\"section\" data-e-type=\"section\">\n\t\t\t\t\t\t<div class=\"elementor-container elementor-column-gap-no\">\n\t\t\t\t\t<div class=\"elementor-column elementor-col-100 elementor-inner-column elementor-element elementor-element-ad46f20\" data-id=\"ad46f20\" data-element_type=\"column\" data-e-type=\"column\">\n\t\t\t<div class=\"elementor-widget-wrap elementor-element-populated\">\n\t\t\t\t\t\t<div class=\"elementor-element elementor-element-3ee0c7e elementor-icon-list--layout-inline elementor-widget__width-auto elementor-list-item-link-full_width elementor-widget elementor-widget-icon-list\" data-id=\"3ee0c7e\" data-element_type=\"widget\" data-e-type=\"widget\" data-widget_type=\"icon-list.default\">\n\t\t\t\t<div class=\"elementor-widget-container\">\n\t\t\t\t\t\t\t<ul class=\"elementor-icon-list-items elementor-inline-items\">\n\t\t\t\t\t\t\t<li class=\"elementor-icon-list-item elementor-inline-item\">\n\t\t\t\t\t\t\t\t\t\t<span class=\"elementor-icon-list-text\">Unterkunft<\/span>\n\t\t\t\t\t\t\t\t\t<\/li>\n\t\t\t\t\t\t<\/ul>\n\t\t\t\t\t\t<\/div>\n\t\t\t\t<\/div>\n\t\t\t\t<div class=\"elementor-element elementor-element-5a18589c elementor-widget__width-initial elementor-widget elementor-widget-heading\" data-id=\"5a18589c\" data-element_type=\"widget\" data-e-type=\"widget\" data-widget_type=\"heading.default\">\n\t\t\t\t<div class=\"elementor-widget-container\">\n\t\t\t\t\t<h2 class=\"elementor-heading-title elementor-size-default\">Farbenhotel Skagen<\/h2>\t\t\t\t<\/div>\n\t\t\t\t<\/div>\n\t\t\t\t<div class=\"elementor-element elementor-element-4b91c0b0 elementor-widget__width-initial elementor-widget elementor-widget-text-editor\" data-id=\"4b91c0b0\" data-element_type=\"widget\" data-e-type=\"widget\" data-widget_type=\"text-editor.default\">\n\t\t\t\t<div class=\"elementor-widget-container\">\n\t\t\t\t\t\t\t\t\t<p><strong>In landschaftlich reizvoller Umgebung in der N\u00e4he des charmanten Zentrums von Skagen und Grenen gelegen<\/strong><\/p>\t\t\t\t\t\t\t\t<\/div>\n\t\t\t\t<\/div>\n\t\t\t\t\t<\/div>\n\t\t<\/div>\n\t\t\t\t\t<\/div>\n\t\t<\/section>\n\t\t\t\t\t<\/div>\n\t\t<\/div>\n\t\t\t\t\t<\/div>\n\t\t<\/section>\n\t\t<div data-particle_enable=\"false\" data-particle-mobile-disabled=\"false\" class=\"elementor-element elementor-element-27d8e4e0 e-flex e-con-boxed e-con e-parent\" data-id=\"27d8e4e0\" data-element_type=\"container\" data-e-type=\"container\">\n\t\t\t\t\t<div class=\"e-con-inner\">\n\t\t\t\t\t<\/div>\n\t\t\t\t<\/div>\n\t\t<div data-particle_enable=\"false\" data-particle-mobile-disabled=\"false\" class=\"elementor-element elementor-element-612f5ce0 e-flex e-con-boxed e-con e-parent\" data-id=\"612f5ce0\" data-element_type=\"container\" data-e-type=\"container\">\n\t\t\t\t\t<div class=\"e-con-inner\">\n\t\t<div data-particle_enable=\"false\" data-particle-mobile-disabled=\"false\" class=\"elementor-element elementor-element-626fb813 e-con-full e-flex e-con e-child\" data-id=\"626fb813\" data-element_type=\"container\" data-e-type=\"container\">\n\t\t\t\t<div class=\"elementor-element elementor-element-d80188c elementor-widget elementor-widget-google_maps\" data-id=\"d80188c\" data-element_type=\"widget\" data-e-type=\"widget\" data-widget_type=\"google_maps.default\">\n\t\t\t\t<div class=\"elementor-widget-container\">\n\t\t\t\t\t\t\t<div class=\"elementor-custom-embed\">\n\t\t\t<iframe loading=\"lazy\"\n\t\t\t\t\tsrc=\"https:\/\/maps.google.com\/maps?q=color%20hotel%20skagen&#038;t=m&#038;z=9&#038;output=embed&#038;iwloc=near\"\n\t\t\t\t\ttitle=\"Farbe Hotel Skagen\"\n\t\t\t\t\taria-label=\"Farbe Hotel Skagen\"\n\t\t\t><\/iframe>\n\t\t<\/div>\n\t\t\t\t\t\t<\/div>\n\t\t\t\t<\/div>\n\t\t\t\t<\/div>\n\t\t<div data-particle_enable=\"false\" data-particle-mobile-disabled=\"false\" class=\"elementor-element elementor-element-b620de0 e-con-full e-flex e-con e-child\" data-id=\"b620de0\" data-element_type=\"container\" data-e-type=\"container\">\n\t\t\t\t<div class=\"elementor-element elementor-element-2bbb62cb elementor-widget elementor-widget-heading\" data-id=\"2bbb62cb\" data-element_type=\"widget\" data-e-type=\"widget\" data-widget_type=\"heading.default\">\n\t\t\t\t<div class=\"elementor-widget-container\">\n\t\t\t\t\t<h2 class=\"elementor-heading-title elementor-size-default\">Das Color Hotel Skagen ist ein 4-Sterne-Hotel in landschaftlich reizvoller Umgebung in der N\u00e4he des charmanten Zentrums von Skagen und Grenen, wo sich die beiden Meere treffen.<\/h2>\t\t\t\t<\/div>\n\t\t\t\t<\/div>\n\t\t\t\t<div class=\"elementor-element elementor-element-1eb441cd elementor-widget elementor-widget-text-editor\" data-id=\"1eb441cd\" data-element_type=\"widget\" data-e-type=\"widget\" data-widget_type=\"text-editor.default\">\n\t\t\t\t<div class=\"elementor-widget-container\">\n\t\t\t\t\t\t\t\t\t<p>Das Hotel ist bekannt f\u00fcr seine entspannte Atmosph\u00e4re und sein modernes nordisches Dekor, das das besondere Licht und die Farben der Region wunderbar widerspiegelt. Mit einer gro\u00dfen Auswahl an Zimmertypen und Einrichtungen wie einem beheizten Au\u00dfenpool, einer Sauna und Spa-Einrichtungen ist das Hotel perfekt f\u00fcr einen komfortablen und entspannten Aufenthalt. Das Color Hotel bietet verschiedene Wochenend-, Mini- und Skagen-Aufenthalte, bei denen die G\u00e4ste das Beste von Skagen und seiner einzigartigen Umgebung erleben k\u00f6nnen.<\/p><p>Das Hotelrestaurant und die Bar servieren nordisch inspirierte Gerichte und Spezialit\u00e4ten, die mit lokalen Zutaten zubereitet werden, um den G\u00e4sten authentische Geschmackserlebnisse zu bieten, bei denen die Qualit\u00e4t im Vordergrund steht. Das Color Hotel Skagen ist nicht nur eine beliebte \u00dcbernachtungsm\u00f6glichkeit, sondern auch ein idealer Ort f\u00fcr die Organisation von Veranstaltungen und Events. Mit seinen modernen und flexiblen Tagungs- und Konferenzeinrichtungen kann das Hotel sowohl kleine als auch gro\u00dfe Gruppen beherbergen und eignet sich daher f\u00fcr alle Arten von Firmenveranstaltungen und Konferenzen sowie f\u00fcr private Feiern wie Hochzeiten und Geburtstage. Die Mitarbeiter sind bereit, Veranstaltungen nach den W\u00fcnschen der G\u00e4ste zu gestalten, was das Color Hotel Skagen zu einem idealen Ort zum Entspannen und Feiern macht.<\/p>\t\t\t\t\t\t\t\t<\/div>\n\t\t\t\t<\/div>\n\t\t\t\t<\/div>\n\t\t\t\t\t<\/div>\n\t\t\t\t<\/div>\n\t\t<div data-particle_enable=\"false\" data-particle-mobile-disabled=\"false\" class=\"elementor-element elementor-element-6a41fa38 e-flex e-con-boxed e-con e-parent\" data-id=\"6a41fa38\" data-element_type=\"container\" data-e-type=\"container\">\n\t\t\t\t\t<div class=\"e-con-inner\">\n\t\t\t\t<div class=\"elementor-element elementor-element-10e81f50 elementor-widget elementor-widget-image-carousel\" data-id=\"10e81f50\" data-element_type=\"widget\" data-e-type=\"widget\" data-settings=\"{&quot;slides_to_show&quot;:&quot;2&quot;,&quot;slides_to_scroll&quot;:&quot;2&quot;,&quot;navigation&quot;:&quot;none&quot;,&quot;autoplay&quot;:&quot;yes&quot;,&quot;pause_on_hover&quot;:&quot;yes&quot;,&quot;pause_on_interaction&quot;:&quot;yes&quot;,&quot;autoplay_speed&quot;:5000,&quot;infinite&quot;:&quot;yes&quot;,&quot;speed&quot;:500,&quot;image_spacing_custom&quot;:{&quot;unit&quot;:&quot;px&quot;,&quot;size&quot;:20,&quot;sizes&quot;:[]},&quot;image_spacing_custom_tablet&quot;:{&quot;unit&quot;:&quot;px&quot;,&quot;size&quot;:&quot;&quot;,&quot;sizes&quot;:[]},&quot;image_spacing_custom_mobile&quot;:{&quot;unit&quot;:&quot;px&quot;,&quot;size&quot;:&quot;&quot;,&quot;sizes&quot;:[]}}\" data-widget_type=\"image-carousel.default\">\n\t\t\t\t<div class=\"elementor-widget-container\">\n\t\t\t\t\t\t\t<div class=\"elementor-image-carousel-wrapper swiper\" role=\"region\" aria-roledescription=\"carousel\" aria-label=\"Bild-Karussell\" dir=\"ltr\">\n\t\t\t<div class=\"elementor-image-carousel swiper-wrapper swiper-image-stretch\" aria-live=\"off\">\n\t\t\t\t\t\t\t\t<div class=\"swiper-slide\" role=\"group\" aria-roledescription=\"slide\" aria-label=\"1 of 4\" data-no-translation-aria-label=\"\"><figure class=\"swiper-slide-inner\"><img decoding=\"async\" class=\"swiper-slide-image\" src=\"https:\/\/i0.wp.com\/visitvendsyssel.dk\/wp-content\/uploads\/2024\/11\/Color-Hotel-Skagen-udespa.webp?fit=1080%2C1440&amp;ssl=1\" alt=\"Farbe-Hotel-Skagen-udespa\" \/><\/figure><\/div><div class=\"swiper-slide\" role=\"group\" aria-roledescription=\"slide\" aria-label=\"2 of 4\" data-no-translation-aria-label=\"\"><figure class=\"swiper-slide-inner\"><img decoding=\"async\" class=\"swiper-slide-image\" src=\"https:\/\/i0.wp.com\/visitvendsyssel.dk\/wp-content\/uploads\/2024\/11\/Color-Hotel-Skagen-udespa-1.webp?fit=1080%2C1440&amp;ssl=1\" alt=\"Farbe-Hotel-Skagen-udespa-1\" \/><\/figure><\/div><div class=\"swiper-slide\" role=\"group\" aria-roledescription=\"slide\" aria-label=\"3 of 4\" data-no-translation-aria-label=\"\"><figure class=\"swiper-slide-inner\"><img decoding=\"async\" class=\"swiper-slide-image\" src=\"https:\/\/i0.wp.com\/visitvendsyssel.dk\/wp-content\/uploads\/2024\/11\/sk-re-1.webp?fit=1365%2C1365&amp;ssl=1\" alt=\"sk-re\" \/><\/figure><\/div><div class=\"swiper-slide\" role=\"group\" aria-roledescription=\"slide\" aria-label=\"4 of 4\" data-no-translation-aria-label=\"\"><figure class=\"swiper-slide-inner\"><img decoding=\"async\" class=\"swiper-slide-image\" src=\"https:\/\/i0.wp.com\/visitvendsyssel.dk\/wp-content\/uploads\/2024\/11\/Color-Hotel-Skagen-sauna.webp?fit=1365%2C1365&amp;ssl=1\" alt=\"Farbe-Hotel-Skagen-Sauna\" \/><\/figure><\/div>\t\t\t<\/div>\n\t\t\t\t\t\t\t\n\t\t\t\t\t\t\t\t\t<\/div>\n\t\t\t\t\t\t<\/div>\n\t\t\t\t<\/div>\n\t\t\t\t\t<\/div>\n\t\t\t\t<\/div>\n\t\t<div data-particle_enable=\"false\" data-particle-mobile-disabled=\"false\" class=\"elementor-element elementor-element-19781acd e-flex e-con-boxed e-con e-parent\" data-id=\"19781acd\" data-element_type=\"container\" data-e-type=\"container\">\n\t\t\t\t\t<div class=\"e-con-inner\">\n\t\t\t\t<div class=\"elementor-element elementor-element-5c28680f elementor-widget elementor-widget-text-editor\" data-id=\"5c28680f\" data-element_type=\"widget\" data-e-type=\"widget\" data-widget_type=\"text-editor.default\">\n\t\t\t\t<div class=\"elementor-widget-container\">\n\t\t\t\t\t\t\t\t\t<div data-aos=\"fade\"><p><strong>Color Hotel Skagen | Gl. Landevej 39 | 9990 Skagen | (+45) 98 44 22 33 | <a href=\"mailto:skagen@skagenhotel.dk\">skagen@skagenhotel.dk<\/a> | <a href=\"http:\/\/www.skagenhotel.dk\u00a0\u00a0\" rel=\"nofollow\">http:\/\/www.skagenhotel.dk\u00a0\u00a0<\/a><\/strong><\/p><\/div>\t\t\t\t\t\t\t\t<\/div>\n\t\t\t\t<\/div>\n\t\t\t\t\t<\/div>\n\t\t\t\t<\/div>\n\t\t\t\t<\/div>","protected":false},"excerpt":{"rendered":"<p>Overnatning Color Hotel Skagen Beliggende i natursk\u00f8nne omgivelser t\u00e6t p\u00e5 b\u00e5de Skagens charmerende centrum og Grenen Color Hotel Skagen er et 4-stjernet hotel beliggende i natursk\u00f8nne omgivelser t\u00e6t p\u00e5 b\u00e5de Skagens charmerende centrum og Grenen, hvor de to have m\u00f8des Hotellet er kendt for sin afslappede atmosf\u00e6re og moderne nordiske indretning, der smukt afspejler omr\u00e5dets [&hellip;]<\/p>\n","protected":false},"author":249072019,"featured_media":0,"parent":0,"menu_order":0,"comment_status":"closed","ping_status":"closed","template":"","meta":{"footnotes":""},"folder":[],"class_list":["post-14065","page","type-page","status-publish","hentry"],"blocksy_meta":{"has_hero_section":"disabled","styles_descriptor":{"styles":{"desktop":"","tablet":"","mobile":""},"google_fonts":[],"version":6}},"jetpack_sharing_enabled":true,"jetpack_shortlink":"https:\/\/wp.me\/PfGbFv-3ER","_links":{"self":[{"href":"https:\/\/visitvendsyssel.dk\/de\/wp-json\/wp\/v2\/pages\/14065","targetHints":{"allow":["GET"]}}],"collection":[{"href":"https:\/\/visitvendsyssel.dk\/de\/wp-json\/wp\/v2\/pages"}],"about":[{"href":"https:\/\/visitvendsyssel.dk\/de\/wp-json\/wp\/v2\/types\/page"}],"author":[{"embeddable":true,"href":"https:\/\/visitvendsyssel.dk\/de\/wp-json\/wp\/v2\/users\/249072019"}],"replies":[{"embeddable":true,"href":"https:\/\/visitvendsyssel.dk\/de\/wp-json\/wp\/v2\/comments?post=14065"}],"version-history":[{"count":14,"href":"https:\/\/visitvendsyssel.dk\/de\/wp-json\/wp\/v2\/pages\/14065\/revisions"}],"predecessor-version":[{"id":14171,"href":"https:\/\/visitvendsyssel.dk\/de\/wp-json\/wp\/v2\/pages\/14065\/revisions\/14171"}],"wp:attachment":[{"href":"https:\/\/visitvendsyssel.dk\/de\/wp-json\/wp\/v2\/media?parent=14065"}],"wp:term":[{"taxonomy":"folder","embeddable":true,"href":"https:\/\/visitvendsyssel.dk\/de\/wp-json\/wp\/v2\/folder?post=14065"}],"curies":[{"name":"wp","href":"https:\/\/api.w.org\/{rel}","templated":true}]}}