{"id":15297,"date":"2024-12-04T23:21:09","date_gmt":"2024-12-04T22:21:09","guid":{"rendered":"https:\/\/visitvendsyssel.dk\/?page_id=15297"},"modified":"2025-02-06T17:13:31","modified_gmt":"2025-02-06T16:13:31","slug":"ruths-hotel","status":"publish","type":"page","link":"https:\/\/visitvendsyssel.dk\/de\/ruths-hotel\/","title":{"rendered":"Ruths Hotel"},"content":{"rendered":"<div data-elementor-type=\"wp-page\" data-elementor-id=\"15297\" class=\"elementor elementor-15297\" data-elementor-post-type=\"page\">\n\t\t\t\t\t\t<section data-particle_enable=\"false\" data-particle-mobile-disabled=\"false\" class=\"elementor-section elementor-top-section elementor-element elementor-element-7430c916 ct-section-stretched elementor-section-boxed elementor-section-height-default elementor-section-height-default\" data-id=\"7430c916\" data-element_type=\"section\" data-e-type=\"section\" data-settings=\"{&quot;background_background&quot;:&quot;classic&quot;}\">\n\t\t\t\t\t\t\t<div class=\"elementor-background-overlay\"><\/div>\n\t\t\t\t\t\t\t<div class=\"elementor-container elementor-column-gap-no\">\n\t\t\t\t\t<div class=\"elementor-column elementor-col-100 elementor-top-column elementor-element elementor-element-7294c1ee\" data-id=\"7294c1ee\" data-element_type=\"column\" data-e-type=\"column\">\n\t\t\t<div class=\"elementor-widget-wrap elementor-element-populated\">\n\t\t\t\t\t\t<section data-particle_enable=\"false\" data-particle-mobile-disabled=\"false\" class=\"elementor-section elementor-inner-section elementor-element elementor-element-65b0e0e2 elementor-section-boxed elementor-section-height-default elementor-section-height-default\" data-id=\"65b0e0e2\" data-element_type=\"section\" data-e-type=\"section\">\n\t\t\t\t\t\t<div class=\"elementor-container elementor-column-gap-no\">\n\t\t\t\t\t<div class=\"elementor-column elementor-col-100 elementor-inner-column elementor-element elementor-element-4fa4ca92\" data-id=\"4fa4ca92\" data-element_type=\"column\" data-e-type=\"column\">\n\t\t\t<div class=\"elementor-widget-wrap elementor-element-populated\">\n\t\t\t\t\t\t<div class=\"elementor-element elementor-element-3335144e elementor-icon-list--layout-inline elementor-widget__width-auto elementor-list-item-link-full_width elementor-widget elementor-widget-icon-list\" data-id=\"3335144e\" data-element_type=\"widget\" data-e-type=\"widget\" data-widget_type=\"icon-list.default\">\n\t\t\t\t<div class=\"elementor-widget-container\">\n\t\t\t\t\t\t\t<ul class=\"elementor-icon-list-items elementor-inline-items\">\n\t\t\t\t\t\t\t<li class=\"elementor-icon-list-item elementor-inline-item\">\n\t\t\t\t\t\t\t\t\t\t<span class=\"elementor-icon-list-text\">Unterkunft<\/span>\n\t\t\t\t\t\t\t\t\t<\/li>\n\t\t\t\t\t\t\t\t<li class=\"elementor-icon-list-item elementor-inline-item\">\n\t\t\t\t\t\t\t\t\t\t<span class=\"elementor-icon-list-text\">I Restaurant <\/span>\n\t\t\t\t\t\t\t\t\t<\/li>\n\t\t\t\t\t\t<\/ul>\n\t\t\t\t\t\t<\/div>\n\t\t\t\t<\/div>\n\t\t\t\t<div class=\"elementor-element elementor-element-9db0e91 elementor-widget__width-initial elementor-widget elementor-widget-heading\" data-id=\"9db0e91\" data-element_type=\"widget\" data-e-type=\"widget\" data-widget_type=\"heading.default\">\n\t\t\t\t<div class=\"elementor-widget-container\">\n\t\t\t\t\t<h2 class=\"elementor-heading-title elementor-size-default\">Ruths Hotel<\/h2>\t\t\t\t<\/div>\n\t\t\t\t<\/div>\n\t\t\t\t<div class=\"elementor-element elementor-element-15c58fa5 elementor-widget__width-initial elementor-widget elementor-widget-text-editor\" data-id=\"15c58fa5\" data-element_type=\"widget\" data-e-type=\"widget\" data-widget_type=\"text-editor.default\">\n\t\t\t\t<div class=\"elementor-widget-container\">\n\t\t\t\t\t\t\t\t\t<p><strong>Ein unvergessliches Erlebnis das ganze Jahr \u00fcber<\/strong><\/p>\t\t\t\t\t\t\t\t<\/div>\n\t\t\t\t<\/div>\n\t\t\t\t\t<\/div>\n\t\t<\/div>\n\t\t\t\t\t<\/div>\n\t\t<\/section>\n\t\t\t\t\t<\/div>\n\t\t<\/div>\n\t\t\t\t\t<\/div>\n\t\t<\/section>\n\t\t<div data-particle_enable=\"false\" data-particle-mobile-disabled=\"false\" class=\"elementor-element elementor-element-11d12d64 e-flex e-con-boxed e-con e-parent\" data-id=\"11d12d64\" data-element_type=\"container\" data-e-type=\"container\">\n\t\t\t\t\t<div class=\"e-con-inner\">\n\t\t\t\t\t<\/div>\n\t\t\t\t<\/div>\n\t\t<div data-particle_enable=\"false\" data-particle-mobile-disabled=\"false\" class=\"elementor-element elementor-element-464ac1c9 e-flex e-con-boxed e-con e-parent\" data-id=\"464ac1c9\" data-element_type=\"container\" data-e-type=\"container\">\n\t\t\t\t\t<div class=\"e-con-inner\">\n\t\t<div data-particle_enable=\"false\" data-particle-mobile-disabled=\"false\" class=\"elementor-element elementor-element-4707b894 e-con-full e-flex e-con e-child\" data-id=\"4707b894\" data-element_type=\"container\" data-e-type=\"container\">\n\t\t\t\t<div class=\"elementor-element elementor-element-1011cac0 elementor-widget elementor-widget-google_maps\" data-id=\"1011cac0\" data-element_type=\"widget\" data-e-type=\"widget\" data-widget_type=\"google_maps.default\">\n\t\t\t\t<div class=\"elementor-widget-container\">\n\t\t\t\t\t\t\t<div class=\"elementor-custom-embed\">\n\t\t\t<iframe loading=\"lazy\"\n\t\t\t\t\tsrc=\"https:\/\/maps.google.com\/maps?q=Ruths%20Hotel%20Hans%20Ruths%20Vej%201%2C%209990%20Skagen&#038;t=m&#038;z=9&#038;output=embed&#038;iwloc=near\"\n\t\t\t\t\ttitle=\"Ruths Hotel Hans Ruths Vej 1, 9990 Skagen\"\n\t\t\t\t\taria-label=\"Ruths Hotel Hans Ruths Vej 1, 9990 Skagen\"\n\t\t\t><\/iframe>\n\t\t<\/div>\n\t\t\t\t\t\t<\/div>\n\t\t\t\t<\/div>\n\t\t\t\t<\/div>\n\t\t<div data-particle_enable=\"false\" data-particle-mobile-disabled=\"false\" class=\"elementor-element elementor-element-2a48e438 e-con-full e-flex e-con e-child\" data-id=\"2a48e438\" data-element_type=\"container\" data-e-type=\"container\">\n\t\t\t\t<div class=\"elementor-element elementor-element-65e05b5 elementor-widget elementor-widget-heading\" data-id=\"65e05b5\" data-element_type=\"widget\" data-e-type=\"widget\" data-widget_type=\"heading.default\">\n\t\t\t\t<div class=\"elementor-widget-container\">\n\t\t\t\t\t<h2 class=\"elementor-heading-title elementor-size-default\">Willkommen im Ruths Hotel<\/h2>\t\t\t\t<\/div>\n\t\t\t\t<\/div>\n\t\t\t\t<div class=\"elementor-element elementor-element-1eaf65f6 elementor-widget elementor-widget-text-editor\" data-id=\"1eaf65f6\" data-element_type=\"widget\" data-e-type=\"widget\" data-widget_type=\"text-editor.default\">\n\t\t\t\t<div class=\"elementor-widget-container\">\n\t\t\t\t\t\t\t\t\t<p>Ruths Hotel bietet das ganze Jahr \u00fcber ein unvergessliches Erlebnis und verw\u00f6hnt die G\u00e4ste von der Ankunft bis zur Abreise. Das gastronomische Angebot ist mit Ruths Brasserie und dem Gourmetrestaurant Ok\u00ea erstklassig, und das Fr\u00fchst\u00fccksbuffet und die k\u00f6stlichen s\u00fc\u00dfen Versuchungen in der Kaminlounge sind ein Genuss f\u00fcr die Geschmacksnerven.<\/p><p>Das Hotel liegt in der reizvollen Umgebung von Gl. Skagen, wo landschaftlich reizvolle Wanderungen direkt vor der Haust\u00fcr warten. Zum Strand sind es nur 200 Meter und zu den Waldgebieten, in denen Sie laufen, Mountainbike fahren und reiten k\u00f6nnen, ist es nur ein Katzensprung.<\/p><p>Ruths Wellness bietet das ultimative Wellness-Erlebnis mit einem Therapiepool, einer Sauna, einem Dampfbad und Fitnessger\u00e4ten sowie einer breiten Palette von Gesichts- und K\u00f6rperbehandlungen f\u00fcr Frauen und M\u00e4nner.<\/p><p>Das Hotel verf\u00fcgt \u00fcber 56 Zimmer in 5 Geb\u00e4uden: Das Hauptgeb\u00e4ude, Kunstnerhuset, S\u00f8m\u00e6rket, Strandhuset und Ruths Strandhotel. Alle Zimmer, Suiten und Appartements wurden 2021 renoviert und bieten hohen Komfort bei gleichzeitiger Beibehaltung der klassischen Strandhotel-Atmosph\u00e4re, wie z. B. das idyllische Ruths Strandhotel von 1910.<\/p>\t\t\t\t\t\t\t\t<\/div>\n\t\t\t\t<\/div>\n\t\t\t\t<\/div>\n\t\t\t\t\t<\/div>\n\t\t\t\t<\/div>\n\t\t<div data-particle_enable=\"false\" data-particle-mobile-disabled=\"false\" class=\"elementor-element elementor-element-4cfed98c e-flex e-con-boxed e-con e-parent\" data-id=\"4cfed98c\" data-element_type=\"container\" data-e-type=\"container\">\n\t\t\t\t\t<div class=\"e-con-inner\">\n\t\t\t\t<div class=\"elementor-element elementor-element-23c408ca elementor-arrows-position-inside elementor-pagination-position-outside elementor-widget elementor-widget-image-carousel\" data-id=\"23c408ca\" data-element_type=\"widget\" data-e-type=\"widget\" data-settings=\"{&quot;slides_to_show&quot;:&quot;2&quot;,&quot;slides_to_scroll&quot;:&quot;2&quot;,&quot;navigation&quot;:&quot;both&quot;,&quot;autoplay&quot;:&quot;yes&quot;,&quot;pause_on_hover&quot;:&quot;yes&quot;,&quot;pause_on_interaction&quot;:&quot;yes&quot;,&quot;autoplay_speed&quot;:5000,&quot;infinite&quot;:&quot;yes&quot;,&quot;speed&quot;:500,&quot;image_spacing_custom&quot;:{&quot;unit&quot;:&quot;px&quot;,&quot;size&quot;:20,&quot;sizes&quot;:[]},&quot;image_spacing_custom_tablet&quot;:{&quot;unit&quot;:&quot;px&quot;,&quot;size&quot;:&quot;&quot;,&quot;sizes&quot;:[]},&quot;image_spacing_custom_mobile&quot;:{&quot;unit&quot;:&quot;px&quot;,&quot;size&quot;:&quot;&quot;,&quot;sizes&quot;:[]}}\" data-widget_type=\"image-carousel.default\">\n\t\t\t\t<div class=\"elementor-widget-container\">\n\t\t\t\t\t\t\t<div class=\"elementor-image-carousel-wrapper swiper\" role=\"region\" aria-roledescription=\"carousel\" aria-label=\"Bild-Karussell\" dir=\"ltr\">\n\t\t\t<div class=\"elementor-image-carousel swiper-wrapper\" aria-live=\"off\">\n\t\t\t\t\t\t\t\t<div class=\"swiper-slide\" role=\"group\" aria-roledescription=\"slide\" aria-label=\"1 von 8\" data-no-translation-aria-label=\"\"><figure class=\"swiper-slide-inner\"><img decoding=\"async\" class=\"swiper-slide-image\" src=\"https:\/\/i0.wp.com\/visitvendsyssel.dk\/wp-content\/uploads\/2024\/12\/Ruths-Hotel-udefra-terrassen.webp?fit=1920%2C1281&amp;ssl=1\" alt=\"Ruths Hotel von der Au\u00dfenterrasse aus\" \/><\/figure><\/div><div class=\"swiper-slide\" role=\"group\" aria-roledescription=\"slide\" aria-label=\"2 von 8\" data-no-translation-aria-label=\"\"><figure class=\"swiper-slide-inner\"><img decoding=\"async\" class=\"swiper-slide-image\" src=\"https:\/\/i0.wp.com\/visitvendsyssel.dk\/wp-content\/uploads\/2024\/12\/Ruths-Hotel-wellness.webp?fit=1920%2C1281&amp;ssl=1\" alt=\"Ruths Hotel Wellness\" \/><\/figure><\/div><div class=\"swiper-slide\" role=\"group\" aria-roledescription=\"slide\" aria-label=\"3 von 8\" data-no-translation-aria-label=\"\"><figure class=\"swiper-slide-inner\"><img decoding=\"async\" class=\"swiper-slide-image\" src=\"https:\/\/i0.wp.com\/visitvendsyssel.dk\/wp-content\/uploads\/2024\/12\/Ruths-Hotel-koekken.webp?fit=1920%2C1281&amp;ssl=1\" alt=\"Ruths Hotelk\u00fcche\" \/><\/figure><\/div><div class=\"swiper-slide\" role=\"group\" aria-roledescription=\"slide\" aria-label=\"4 von 8\" data-no-translation-aria-label=\"\"><figure class=\"swiper-slide-inner\"><img decoding=\"async\" class=\"swiper-slide-image\" src=\"https:\/\/i0.wp.com\/visitvendsyssel.dk\/wp-content\/uploads\/2024\/12\/Ruths-Hotel-vaerelse.webp?fit=1200%2C800&amp;ssl=1\" alt=\"Ruths Hotelzimmer\" \/><\/figure><\/div><div class=\"swiper-slide\" role=\"group\" aria-roledescription=\"slide\" aria-label=\"5 von 8\" data-no-translation-aria-label=\"\"><figure class=\"swiper-slide-inner\"><img decoding=\"async\" class=\"swiper-slide-image\" src=\"https:\/\/i0.wp.com\/visitvendsyssel.dk\/wp-content\/uploads\/2024\/12\/Ruths-Hotel-vaerelse-med-udsigt.webp?fit=1800%2C1200&amp;ssl=1\" alt=\"Ruths Hotelzimmer mit Aussicht\" \/><\/figure><\/div><div class=\"swiper-slide\" role=\"group\" aria-roledescription=\"slide\" aria-label=\"6 von 8\" data-no-translation-aria-label=\"\"><figure class=\"swiper-slide-inner\"><img decoding=\"async\" class=\"swiper-slide-image\" src=\"https:\/\/i0.wp.com\/visitvendsyssel.dk\/wp-content\/uploads\/2024\/12\/Ruths-Hotel-roedvin.webp?fit=1920%2C1281&amp;ssl=1\" alt=\"Ruths Hotel Rotwein\" \/><\/figure><\/div><div class=\"swiper-slide\" role=\"group\" aria-roledescription=\"slide\" aria-label=\"7 von 8\" data-no-translation-aria-label=\"\"><figure class=\"swiper-slide-inner\"><img decoding=\"async\" class=\"swiper-slide-image\" src=\"https:\/\/i0.wp.com\/visitvendsyssel.dk\/wp-content\/uploads\/2024\/12\/Ruths-Hotel-oestersbar.webp?fit=1920%2C1281&amp;ssl=1\" alt=\"Ruths Hotel Austernbar\" \/><\/figure><\/div><div class=\"swiper-slide\" role=\"group\" aria-roledescription=\"slide\" aria-label=\"8 von 8\" data-no-translation-aria-label=\"\"><figure class=\"swiper-slide-inner\"><img decoding=\"async\" class=\"swiper-slide-image\" src=\"https:\/\/i0.wp.com\/visitvendsyssel.dk\/wp-content\/uploads\/2024\/12\/Ruths-Hotel-Oke-Restaurant.webp?fit=1920%2C1281&amp;ssl=1\" alt=\"Ruths Hotel Ok\u00e9 Restaurant\" \/><\/figure><\/div>\t\t\t<\/div>\n\t\t\t\t\t\t\t\t\t\t\t\t<div class=\"elementor-swiper-button elementor-swiper-button-prev\" role=\"button\" tabindex=\"0\">\n\t\t\t\t\t\t<svg aria-hidden=\"true\" class=\"e-font-icon-svg e-eicon-chevron-left\" viewbox=\"0 0 1000 1000\" xmlns=\"http:\/\/www.w3.org\/2000\/svg\"><path d=\"M646 125C629 125 613 133 604 142L308 442C296 454 292 471 292 487 292 504 296 521 308 533L604 854C617 867 629 875 646 875 663 875 679 871 692 858 704 846 713 829 713 812 713 796 708 779 692 767L438 487 692 225C700 217 708 204 708 187 708 171 704 154 692 142 675 129 663 125 646 125Z\"><\/path><\/svg>\t\t\t\t\t<\/div>\n\t\t\t\t\t<div class=\"elementor-swiper-button elementor-swiper-button-next\" role=\"button\" tabindex=\"0\">\n\t\t\t\t\t\t<svg aria-hidden=\"true\" class=\"e-font-icon-svg e-eicon-chevron-right\" viewbox=\"0 0 1000 1000\" xmlns=\"http:\/\/www.w3.org\/2000\/svg\"><path d=\"M696 533C708 521 713 504 713 487 713 471 708 454 696 446L400 146C388 133 375 125 354 125 338 125 325 129 313 142 300 154 292 171 292 187 292 204 296 221 308 233L563 492 304 771C292 783 288 800 288 817 288 833 296 850 308 863 321 871 338 875 354 875 371 875 388 867 400 854L696 533Z\"><\/path><\/svg>\t\t\t\t\t<\/div>\n\t\t\t\t\n\t\t\t\t\t\t\t\t\t<div class=\"swiper-pagination\"><\/div>\n\t\t\t\t\t\t\t\t\t<\/div>\n\t\t\t\t\t\t<\/div>\n\t\t\t\t<\/div>\n\t\t\t\t\t<\/div>\n\t\t\t\t<\/div>\n\t\t<div data-particle_enable=\"false\" data-particle-mobile-disabled=\"false\" class=\"elementor-element elementor-element-3fd3d1cf e-flex e-con-boxed e-con e-parent\" data-id=\"3fd3d1cf\" data-element_type=\"container\" data-e-type=\"container\">\n\t\t\t\t\t<div class=\"e-con-inner\">\n\t\t\t\t<div class=\"elementor-element elementor-element-5d775e26 elementor-widget elementor-widget-text-editor\" data-id=\"5d775e26\" data-element_type=\"widget\" data-e-type=\"widget\" data-widget_type=\"text-editor.default\">\n\t\t\t\t<div class=\"elementor-widget-container\">\n\t\t\t\t\t\t\t\t\t<div data-aos=\"fade\"><p><strong>Ruths Hotel | Hans Ruths Vej 1 | 9990 Skagen | <a href=\"mailto:info@ruths-hotel.dk\">info@ruths-hotel.dk<\/a> | 98 44 11 24 |<a href=\"https:\/\/www.ruths-hotel.dk\/\" target=\"_blank\" rel=\"noopener\">Ruths-hotel.dk<\/a><\/strong><\/p><\/div>\t\t\t\t\t\t\t\t<\/div>\n\t\t\t\t<\/div>\n\t\t\t\t\t<\/div>\n\t\t\t\t<\/div>\n\t\t\t\t<\/div>","protected":false},"excerpt":{"rendered":"<p>Overnatning I Restaurant Ruths Hotel En uforglemmelig oplevelse \u00e5ret rundt Velkommen til Ruths Hotel Ruths Hotel tilbyder en uforglemmelig oplevelse \u00e5ret rundt, hvor g\u00e6sterne fork\u00e6les fra ankomst til afrejse. Den gastronomiske oplevelse er i top med Ruths Brasserie og gourmetrestauranten Ok\u00ea, og morgenbuffeten samt de l\u00e6kre s\u00f8de fristelser i pejsestuen er en fryd for smagsl\u00f8gene. [&hellip;]<\/p>\n","protected":false},"author":249072019,"featured_media":0,"parent":0,"menu_order":0,"comment_status":"closed","ping_status":"closed","template":"","meta":{"footnotes":""},"folder":[],"class_list":["post-15297","page","type-page","status-publish","hentry"],"blocksy_meta":{"has_hero_section":"disabled","styles_descriptor":{"styles":{"desktop":"","tablet":"","mobile":""},"google_fonts":[],"version":6}},"jetpack_sharing_enabled":true,"jetpack_shortlink":"https:\/\/wp.me\/PfGbFv-3YJ","_links":{"self":[{"href":"https:\/\/visitvendsyssel.dk\/de\/wp-json\/wp\/v2\/pages\/15297","targetHints":{"allow":["GET"]}}],"collection":[{"href":"https:\/\/visitvendsyssel.dk\/de\/wp-json\/wp\/v2\/pages"}],"about":[{"href":"https:\/\/visitvendsyssel.dk\/de\/wp-json\/wp\/v2\/types\/page"}],"author":[{"embeddable":true,"href":"https:\/\/visitvendsyssel.dk\/de\/wp-json\/wp\/v2\/users\/249072019"}],"replies":[{"embeddable":true,"href":"https:\/\/visitvendsyssel.dk\/de\/wp-json\/wp\/v2\/comments?post=15297"}],"version-history":[{"count":17,"href":"https:\/\/visitvendsyssel.dk\/de\/wp-json\/wp\/v2\/pages\/15297\/revisions"}],"predecessor-version":[{"id":17286,"href":"https:\/\/visitvendsyssel.dk\/de\/wp-json\/wp\/v2\/pages\/15297\/revisions\/17286"}],"wp:attachment":[{"href":"https:\/\/visitvendsyssel.dk\/de\/wp-json\/wp\/v2\/media?parent=15297"}],"wp:term":[{"taxonomy":"folder","embeddable":true,"href":"https:\/\/visitvendsyssel.dk\/de\/wp-json\/wp\/v2\/folder?post=15297"}],"curies":[{"name":"wp","href":"https:\/\/api.w.org\/{rel}","templated":true}]}}