{"id":15374,"date":"2024-12-05T00:52:22","date_gmt":"2024-12-04T23:52:22","guid":{"rendered":"https:\/\/visitvendsyssel.dk\/?page_id=15374"},"modified":"2025-02-13T18:03:53","modified_gmt":"2025-02-13T17:03:53","slug":"skagen-sydstrand-camping","status":"publish","type":"page","link":"https:\/\/visitvendsyssel.dk\/de\/skagen-sydstrand-camping\/","title":{"rendered":"Skagen Sydstrand Camping"},"content":{"rendered":"<div data-elementor-type=\"wp-page\" data-elementor-id=\"15374\" class=\"elementor elementor-15374\" data-elementor-post-type=\"page\">\n\t\t\t\t\t\t<section data-particle_enable=\"false\" data-particle-mobile-disabled=\"false\" class=\"elementor-section elementor-top-section elementor-element elementor-element-5c8ea4a8 ct-section-stretched elementor-section-boxed elementor-section-height-default elementor-section-height-default\" data-id=\"5c8ea4a8\" data-element_type=\"section\" data-e-type=\"section\" data-settings=\"{&quot;background_background&quot;:&quot;classic&quot;}\">\n\t\t\t\t\t\t\t<div class=\"elementor-background-overlay\"><\/div>\n\t\t\t\t\t\t\t<div class=\"elementor-container elementor-column-gap-no\">\n\t\t\t\t\t<div class=\"elementor-column elementor-col-100 elementor-top-column elementor-element elementor-element-48e0cff1\" data-id=\"48e0cff1\" data-element_type=\"column\" data-e-type=\"column\">\n\t\t\t<div class=\"elementor-widget-wrap elementor-element-populated\">\n\t\t\t\t\t\t<section data-particle_enable=\"false\" data-particle-mobile-disabled=\"false\" class=\"elementor-section elementor-inner-section elementor-element elementor-element-29ac288a elementor-section-boxed elementor-section-height-default elementor-section-height-default\" data-id=\"29ac288a\" data-element_type=\"section\" data-e-type=\"section\">\n\t\t\t\t\t\t<div class=\"elementor-container elementor-column-gap-no\">\n\t\t\t\t\t<div class=\"elementor-column elementor-col-100 elementor-inner-column elementor-element elementor-element-69421e1b\" data-id=\"69421e1b\" data-element_type=\"column\" data-e-type=\"column\">\n\t\t\t<div class=\"elementor-widget-wrap elementor-element-populated\">\n\t\t\t\t\t\t<div class=\"elementor-element elementor-element-77b1a863 elementor-icon-list--layout-inline elementor-widget__width-auto elementor-list-item-link-full_width elementor-widget elementor-widget-icon-list\" data-id=\"77b1a863\" data-element_type=\"widget\" data-e-type=\"widget\" data-widget_type=\"icon-list.default\">\n\t\t\t\t<div class=\"elementor-widget-container\">\n\t\t\t\t\t\t\t<ul class=\"elementor-icon-list-items elementor-inline-items\">\n\t\t\t\t\t\t\t<li class=\"elementor-icon-list-item elementor-inline-item\">\n\t\t\t\t\t\t\t\t\t\t<span class=\"elementor-icon-list-text\">Unterkunft<\/span>\n\t\t\t\t\t\t\t\t\t<\/li>\n\t\t\t\t\t\t<\/ul>\n\t\t\t\t\t\t<\/div>\n\t\t\t\t<\/div>\n\t\t\t\t<div class=\"elementor-element elementor-element-7e43696c elementor-widget__width-initial elementor-widget elementor-widget-heading\" data-id=\"7e43696c\" data-element_type=\"widget\" data-e-type=\"widget\" data-widget_type=\"heading.default\">\n\t\t\t\t<div class=\"elementor-widget-container\">\n\t\t\t\t\t<h2 class=\"elementor-heading-title elementor-size-default\">Skagen Sydstrand Camping<\/h2>\t\t\t\t<\/div>\n\t\t\t\t<\/div>\n\t\t\t\t<div class=\"elementor-element elementor-element-422d09f2 elementor-widget__width-initial elementor-widget elementor-widget-text-editor\" data-id=\"422d09f2\" data-element_type=\"widget\" data-e-type=\"widget\" data-widget_type=\"text-editor.default\">\n\t\t\t\t<div class=\"elementor-widget-container\">\n\t\t\t\t\t\t\t\t\t<p><strong>Bunken liegt in einer landschaftlich reizvollen Gegend mit direktem Zugang zu einem sch\u00f6nen Strand und Wald<\/strong><\/p>\t\t\t\t\t\t\t\t<\/div>\n\t\t\t\t<\/div>\n\t\t\t\t\t<\/div>\n\t\t<\/div>\n\t\t\t\t\t<\/div>\n\t\t<\/section>\n\t\t\t\t\t<\/div>\n\t\t<\/div>\n\t\t\t\t\t<\/div>\n\t\t<\/section>\n\t\t<div data-particle_enable=\"false\" data-particle-mobile-disabled=\"false\" class=\"elementor-element elementor-element-43a140b5 e-flex e-con-boxed e-con e-parent\" data-id=\"43a140b5\" data-element_type=\"container\" data-e-type=\"container\">\n\t\t\t\t\t<div class=\"e-con-inner\">\n\t\t\t\t\t<\/div>\n\t\t\t\t<\/div>\n\t\t<div data-particle_enable=\"false\" data-particle-mobile-disabled=\"false\" class=\"elementor-element elementor-element-1c2e940e e-flex e-con-boxed e-con e-parent\" data-id=\"1c2e940e\" data-element_type=\"container\" data-e-type=\"container\">\n\t\t\t\t\t<div class=\"e-con-inner\">\n\t\t<div data-particle_enable=\"false\" data-particle-mobile-disabled=\"false\" class=\"elementor-element elementor-element-2e17d55 e-con-full e-flex e-con e-child\" data-id=\"2e17d55\" data-element_type=\"container\" data-e-type=\"container\">\n\t\t\t\t<div class=\"elementor-element elementor-element-305673dd elementor-widget elementor-widget-google_maps\" data-id=\"305673dd\" data-element_type=\"widget\" data-e-type=\"widget\" data-widget_type=\"google_maps.default\">\n\t\t\t\t<div class=\"elementor-widget-container\">\n\t\t\t\t\t\t\t<div class=\"elementor-custom-embed\">\n\t\t\t<iframe loading=\"lazy\"\n\t\t\t\t\tsrc=\"https:\/\/maps.google.com\/maps?q=Skagen%20Sydstrand%20Camping&#038;t=m&#038;z=9&#038;output=embed&#038;iwloc=near\"\n\t\t\t\t\ttitle=\"Skagen Sydstrand Camping\"\n\t\t\t\t\taria-label=\"Skagen Sydstrand Camping\"\n\t\t\t><\/iframe>\n\t\t<\/div>\n\t\t\t\t\t\t<\/div>\n\t\t\t\t<\/div>\n\t\t\t\t<\/div>\n\t\t<div data-particle_enable=\"false\" data-particle-mobile-disabled=\"false\" class=\"elementor-element elementor-element-3214622d e-con-full e-flex e-con e-child\" data-id=\"3214622d\" data-element_type=\"container\" data-e-type=\"container\">\n\t\t\t\t<div class=\"elementor-element elementor-element-14234590 elementor-widget elementor-widget-heading\" data-id=\"14234590\" data-element_type=\"widget\" data-e-type=\"widget\" data-widget_type=\"heading.default\">\n\t\t\t\t<div class=\"elementor-widget-container\">\n\t\t\t\t\t<h2 class=\"elementor-heading-title elementor-size-default\">Willkommen bei Skagen Sydstrand Camping - Bunken\n<\/h2>\t\t\t\t<\/div>\n\t\t\t\t<\/div>\n\t\t\t\t<div class=\"elementor-element elementor-element-379c27f0 elementor-widget elementor-widget-text-editor\" data-id=\"379c27f0\" data-element_type=\"widget\" data-e-type=\"widget\" data-widget_type=\"text-editor.default\">\n\t\t\t\t<div class=\"elementor-widget-container\">\n\t\t\t\t\t\t\t\t\t<p>Skagen Sydstrand Camping - Bunken liegt in einer landschaftlich reizvollen Gegend mit direktem Zugang zu einem sch\u00f6nen Strand und Wald. Hier k\u00f6nnen Sie die perfekte Kombination aus Ruhe, Natur und unterhaltsamen Aktivit\u00e4ten genie\u00dfen. Der Platz grenzt an die Bunken Klitplantage, die zu erholsamen Spazierg\u00e4ngen einl\u00e4dt, und die R\u00e5bjerg Mile ist zu Fu\u00df erreichbar. In der N\u00e4he finden Sie auch Skagen, \u00c5lb\u00e6k, Kandestederne, die Westk\u00fcste und das Adlerreservat - alles leicht \u00fcber gute Radwege zu erreichen.<\/p><p>Der kinderfreundliche Sandstrand ist ideal zum Spielen, f\u00fcr lange Spazierg\u00e4nge und ein erfrischendes Bad f\u00fcr Jung und Alt. Wenn Sie den Wald bevorzugen, bietet die D\u00fcnenplantage sch\u00f6ne Wanderwege und Naturerlebnisse.<\/p><p>Der Campingplatz, der seit 1966 besteht und dem Hvidbjerg Strand Feriepark geh\u00f6rt, hat sich im Laufe der Jahre zu einem modernen und gut ausgestatteten Ziel entwickelt. Mit 700 Stellpl\u00e4tzen und drei Sternen k\u00f6nnen Sie zwischen zwei Arten von Stellpl\u00e4tzen w\u00e4hlen: Strandstellpl\u00e4tze in der N\u00e4he des Wassers oder Standardstellpl\u00e4tze weiter im Landesinneren. F\u00fcr diejenigen, die eine dauerhafte Basis bevorzugen, bietet der Platz auch 9 gem\u00fctliche Campingh\u00fctten.<\/p><p><strong>Einrichtungen:<\/strong><\/p><ul><li>4 Dienstgeb\u00e4ude<\/li><li>3 Spielpl\u00e4tze und H\u00fcpfburgen<\/li><li>Beachvolleyball und Minigolf<\/li><li>Gesch\u00e4ft und Grillbar<\/li><li>Wohnwagen- und Fahrradverleih<\/li><li>Kostenloses W-LAN auf dem gesamten Gel\u00e4nde<\/li><\/ul><p>Hunde sind willkommen, aber nicht in den Mieth\u00fctten und Wohnwagen. In der N\u00e4he des Campingplatzes befindet sich ein Hundewald, so dass auch die Vierbeiner Ihrer Familie ihren Urlaub genie\u00dfen k\u00f6nnen.<\/p><p>Skagen Sydstrand Camping - Bunken ist ein Ort, wo Natur und Komfort Hand in Hand gehen und wo sowohl Kinder als auch Erwachsene ein unvergessliches Campingerlebnis haben k\u00f6nnen. Wir freuen uns darauf, Sie willkommen zu hei\u00dfen!<\/p>\t\t\t\t\t\t\t\t<\/div>\n\t\t\t\t<\/div>\n\t\t\t\t<\/div>\n\t\t\t\t\t<\/div>\n\t\t\t\t<\/div>\n\t\t<div data-particle_enable=\"false\" data-particle-mobile-disabled=\"false\" class=\"elementor-element elementor-element-4883b15e e-flex e-con-boxed e-con e-parent\" data-id=\"4883b15e\" data-element_type=\"container\" data-e-type=\"container\">\n\t\t\t\t\t<div class=\"e-con-inner\">\n\t\t\t\t<div class=\"elementor-element elementor-element-9a2488c elementor-arrows-position-inside elementor-pagination-position-outside elementor-widget elementor-widget-image-carousel\" data-id=\"9a2488c\" data-element_type=\"widget\" data-e-type=\"widget\" data-settings=\"{&quot;slides_to_show&quot;:&quot;2&quot;,&quot;slides_to_scroll&quot;:&quot;2&quot;,&quot;navigation&quot;:&quot;both&quot;,&quot;autoplay&quot;:&quot;yes&quot;,&quot;pause_on_hover&quot;:&quot;yes&quot;,&quot;pause_on_interaction&quot;:&quot;yes&quot;,&quot;autoplay_speed&quot;:5000,&quot;infinite&quot;:&quot;yes&quot;,&quot;speed&quot;:500,&quot;image_spacing_custom&quot;:{&quot;unit&quot;:&quot;px&quot;,&quot;size&quot;:20,&quot;sizes&quot;:[]},&quot;image_spacing_custom_tablet&quot;:{&quot;unit&quot;:&quot;px&quot;,&quot;size&quot;:&quot;&quot;,&quot;sizes&quot;:[]},&quot;image_spacing_custom_mobile&quot;:{&quot;unit&quot;:&quot;px&quot;,&quot;size&quot;:&quot;&quot;,&quot;sizes&quot;:[]}}\" data-widget_type=\"image-carousel.default\">\n\t\t\t\t<div class=\"elementor-widget-container\">\n\t\t\t\t\t\t\t<div class=\"elementor-image-carousel-wrapper swiper\" role=\"region\" aria-roledescription=\"carousel\" aria-label=\"Bild-Karussell\" dir=\"ltr\">\n\t\t\t<div class=\"elementor-image-carousel swiper-wrapper\" aria-live=\"off\">\n\t\t\t\t\t\t\t\t<div class=\"swiper-slide\" role=\"group\" aria-roledescription=\"slide\" aria-label=\"1 of 8\"><figure class=\"swiper-slide-inner\"><img decoding=\"async\" class=\"swiper-slide-image\" src=\"https:\/\/i0.wp.com\/visitvendsyssel.dk\/wp-content\/uploads\/2024\/12\/Skagen-Sydstrand-Camping.webp?fit=1440%2C1440&amp;ssl=1\" alt=\"Skagen Sydstrand Camping\" \/><\/figure><\/div><div class=\"swiper-slide\" role=\"group\" aria-roledescription=\"slide\" aria-label=\"2 of 8\"><figure class=\"swiper-slide-inner\"><img decoding=\"async\" class=\"swiper-slide-image\" src=\"https:\/\/i0.wp.com\/visitvendsyssel.dk\/wp-content\/uploads\/2024\/12\/Skagen-Sydstrand-Camping-nedgang-til-strand.webp?fit=1365%2C1365&amp;ssl=1\" alt=\"Skagen Sydstrand Camping R\u00fcckgang zum Strand\" \/><\/figure><\/div><div class=\"swiper-slide\" role=\"group\" aria-roledescription=\"slide\" aria-label=\"3 of 8\"><figure class=\"swiper-slide-inner\"><img decoding=\"async\" class=\"swiper-slide-image\" src=\"https:\/\/i0.wp.com\/visitvendsyssel.dk\/wp-content\/uploads\/2024\/12\/Skagen-Sydstrand-Camping-minigolf.webp?fit=1365%2C1365&amp;ssl=1\" alt=\"Skagen Sydstrand Camping Minigolf\" \/><\/figure><\/div><div class=\"swiper-slide\" role=\"group\" aria-roledescription=\"slide\" aria-label=\"4 of 8\"><figure class=\"swiper-slide-inner\"><img decoding=\"async\" class=\"swiper-slide-image\" src=\"https:\/\/i0.wp.com\/visitvendsyssel.dk\/wp-content\/uploads\/2024\/12\/Skagen-Sydstrand-Camping-hytte.webp?fit=1365%2C1365&amp;ssl=1\" alt=\"Skagen Sydstrand Campingh\u00fctte\" \/><\/figure><\/div><div class=\"swiper-slide\" role=\"group\" aria-roledescription=\"slide\" aria-label=\"5 of 8\"><figure class=\"swiper-slide-inner\"><img decoding=\"async\" class=\"swiper-slide-image\" src=\"https:\/\/i0.wp.com\/visitvendsyssel.dk\/wp-content\/uploads\/2024\/12\/Skagen-Sydstrand-Camping-stemning-ved-hytte.webp?fit=1620%2C1620&amp;ssl=1\" alt=\"Skagen Sydstrand Campingh\u00fctte Atmosph\u00e4re\" \/><\/figure><\/div><div class=\"swiper-slide\" role=\"group\" aria-roledescription=\"slide\" aria-label=\"6 of 8\"><figure class=\"swiper-slide-inner\"><img decoding=\"async\" class=\"swiper-slide-image\" src=\"https:\/\/i0.wp.com\/visitvendsyssel.dk\/wp-content\/uploads\/2024\/12\/Skagen-Sydstrand-Camping-vogn-med-fortelt.webp?fit=1440%2C1920&amp;ssl=1\" alt=\"Skagen Sydstrand Camping Wohnwagen mit Vorzelt\" \/><\/figure><\/div><div class=\"swiper-slide\" role=\"group\" aria-roledescription=\"slide\" aria-label=\"7 of 8\"><figure class=\"swiper-slide-inner\"><img decoding=\"async\" class=\"swiper-slide-image\" src=\"https:\/\/i0.wp.com\/visitvendsyssel.dk\/wp-content\/uploads\/2024\/12\/Skagen-Sydstrand-Camping-noegleskilt.webp?fit=1080%2C1351&amp;ssl=1\" alt=\"Skagen Sydstrand Camping Schl\u00fcsselschild\" \/><\/figure><\/div><div class=\"swiper-slide\" role=\"group\" aria-roledescription=\"slide\" aria-label=\"8 of 8\"><figure class=\"swiper-slide-inner\"><img decoding=\"async\" class=\"swiper-slide-image\" src=\"https:\/\/i0.wp.com\/visitvendsyssel.dk\/wp-content\/uploads\/2024\/12\/Skagen-Sydstrand-Camping-koekken-i-hytte.webp?fit=1080%2C1351&amp;ssl=1\" alt=\"Skagen Sydstrand Camping K\u00fcche in H\u00fctte\" \/><\/figure><\/div>\t\t\t<\/div>\n\t\t\t\t\t\t\t\t\t\t\t\t<div class=\"elementor-swiper-button elementor-swiper-button-prev\" role=\"button\" tabindex=\"0\">\n\t\t\t\t\t\t<svg aria-hidden=\"true\" class=\"e-font-icon-svg e-eicon-chevron-left\" viewbox=\"0 0 1000 1000\" xmlns=\"http:\/\/www.w3.org\/2000\/svg\"><path d=\"M646 125C629 125 613 133 604 142L308 442C296 454 292 471 292 487 292 504 296 521 308 533L604 854C617 867 629 875 646 875 663 875 679 871 692 858 704 846 713 829 713 812 713 796 708 779 692 767L438 487 692 225C700 217 708 204 708 187 708 171 704 154 692 142 675 129 663 125 646 125Z\"><\/path><\/svg>\t\t\t\t\t<\/div>\n\t\t\t\t\t<div class=\"elementor-swiper-button elementor-swiper-button-next\" role=\"button\" tabindex=\"0\">\n\t\t\t\t\t\t<svg aria-hidden=\"true\" class=\"e-font-icon-svg e-eicon-chevron-right\" viewbox=\"0 0 1000 1000\" xmlns=\"http:\/\/www.w3.org\/2000\/svg\"><path d=\"M696 533C708 521 713 504 713 487 713 471 708 454 696 446L400 146C388 133 375 125 354 125 338 125 325 129 313 142 300 154 292 171 292 187 292 204 296 221 308 233L563 492 304 771C292 783 288 800 288 817 288 833 296 850 308 863 321 871 338 875 354 875 371 875 388 867 400 854L696 533Z\"><\/path><\/svg>\t\t\t\t\t<\/div>\n\t\t\t\t\n\t\t\t\t\t\t\t\t\t<div class=\"swiper-pagination\"><\/div>\n\t\t\t\t\t\t\t\t\t<\/div>\n\t\t\t\t\t\t<\/div>\n\t\t\t\t<\/div>\n\t\t\t\t\t<\/div>\n\t\t\t\t<\/div>\n\t\t<div data-particle_enable=\"false\" data-particle-mobile-disabled=\"false\" class=\"elementor-element elementor-element-30e5e55b e-flex e-con-boxed e-con e-parent\" data-id=\"30e5e55b\" data-element_type=\"container\" data-e-type=\"container\">\n\t\t\t\t\t<div class=\"e-con-inner\">\n\t\t\t\t<div class=\"elementor-element elementor-element-57f12f7f elementor-widget elementor-widget-text-editor\" data-id=\"57f12f7f\" data-element_type=\"widget\" data-e-type=\"widget\" data-widget_type=\"text-editor.default\">\n\t\t\t\t<div class=\"elementor-widget-container\">\n\t\t\t\t\t\t\t\t\t<div data-aos=\"fade\"><p><strong>Skagen Sydstrand Camping | \u00c5lb\u00e6kvej 288 | 9982 Aalb\u00e6k | <a href=\"mailto:info@skagensydstrand.dk\">info@skagensydstrand.dk<\/a>\u00a0 | 98 48 71 80 | <a href=\"http:\/\/Skagensydstrandcamping.dk\" target=\"_blank\" rel=\"noopener\">Skagensydstrandcamping.dk<\/a><\/strong><\/p><\/div>\t\t\t\t\t\t\t\t<\/div>\n\t\t\t\t<\/div>\n\t\t\t\t\t<\/div>\n\t\t\t\t<\/div>\n\t\t\t\t<\/div>","protected":false},"excerpt":{"rendered":"<p>Overnatning Skagen Sydstrand Camping Bunken ligger i et natursk\u00f8nt omr\u00e5de med direkte adgang til en dejlig badestrand og skov Velkommen til Skagen Sydstrand Camping \u2013 Bunken Skagen Sydstrand Camping \u2013 Bunken ligger i et natursk\u00f8nt omr\u00e5de med direkte adgang til en dejlig badestrand og skov. Her kan du nyde den perfekte kombination af ro, natur [&hellip;]<\/p>\n","protected":false},"author":249072019,"featured_media":0,"parent":0,"menu_order":0,"comment_status":"closed","ping_status":"closed","template":"","meta":{"footnotes":""},"folder":[],"class_list":["post-15374","page","type-page","status-publish","hentry"],"blocksy_meta":{"has_hero_section":"disabled","styles_descriptor":{"styles":{"desktop":"","tablet":"","mobile":""},"google_fonts":[],"version":6}},"jetpack_sharing_enabled":true,"jetpack_shortlink":"https:\/\/wp.me\/PfGbFv-3ZY","_links":{"self":[{"href":"https:\/\/visitvendsyssel.dk\/de\/wp-json\/wp\/v2\/pages\/15374","targetHints":{"allow":["GET"]}}],"collection":[{"href":"https:\/\/visitvendsyssel.dk\/de\/wp-json\/wp\/v2\/pages"}],"about":[{"href":"https:\/\/visitvendsyssel.dk\/de\/wp-json\/wp\/v2\/types\/page"}],"author":[{"embeddable":true,"href":"https:\/\/visitvendsyssel.dk\/de\/wp-json\/wp\/v2\/users\/249072019"}],"replies":[{"embeddable":true,"href":"https:\/\/visitvendsyssel.dk\/de\/wp-json\/wp\/v2\/comments?post=15374"}],"version-history":[{"count":11,"href":"https:\/\/visitvendsyssel.dk\/de\/wp-json\/wp\/v2\/pages\/15374\/revisions"}],"predecessor-version":[{"id":17908,"href":"https:\/\/visitvendsyssel.dk\/de\/wp-json\/wp\/v2\/pages\/15374\/revisions\/17908"}],"wp:attachment":[{"href":"https:\/\/visitvendsyssel.dk\/de\/wp-json\/wp\/v2\/media?parent=15374"}],"wp:term":[{"taxonomy":"folder","embeddable":true,"href":"https:\/\/visitvendsyssel.dk\/de\/wp-json\/wp\/v2\/folder?post=15374"}],"curies":[{"name":"wp","href":"https:\/\/api.w.org\/{rel}","templated":true}]}}