{"id":386,"date":"2024-04-15T00:47:42","date_gmt":"2024-04-14T22:47:42","guid":{"rendered":"https:\/\/visitvendsyssel.dk\/?page_id=386"},"modified":"2025-08-27T11:52:50","modified_gmt":"2025-08-27T09:52:50","slug":"saeby-events","status":"publish","type":"page","link":"https:\/\/visitvendsyssel.dk\/de\/saeby-events\/","title":{"rendered":"Veranstaltungen"},"content":{"rendered":"\t\t<div data-elementor-type=\"wp-page\" data-elementor-id=\"386\" class=\"elementor elementor-386\" data-elementor-post-type=\"page\">\n\t\t\t\t<div data-particle_enable=\"false\" data-particle-mobile-disabled=\"false\" class=\"elementor-element elementor-element-7877f9b e-flex e-con-boxed e-con e-parent\" data-id=\"7877f9b\" data-element_type=\"container\" data-e-type=\"container\" data-settings=\"{&quot;background_background&quot;:&quot;classic&quot;}\">\n\t\t\t\t\t<div class=\"e-con-inner\">\n\t\t\t\t<div class=\"elementor-element elementor-element-b0f8ca9 elementor-widget elementor-widget-heading\" data-id=\"b0f8ca9\" data-element_type=\"widget\" data-e-type=\"widget\" data-widget_type=\"heading.default\">\n\t\t\t\t<div class=\"elementor-widget-container\">\n\t\t\t\t\t<h2 class=\"elementor-heading-title elementor-size-default\">Det sker i Toppen af Danmark<\/h2>\t\t\t\t<\/div>\n\t\t\t\t<\/div>\n\t\t\t\t\t<\/div>\n\t\t\t\t<\/div>\n\t\t<div data-particle_enable=\"false\" data-particle-mobile-disabled=\"false\" class=\"elementor-element elementor-element-eaab168 e-flex e-con-boxed e-con e-parent\" data-id=\"eaab168\" data-element_type=\"container\" data-e-type=\"container\">\n\t\t\t\t\t<div class=\"e-con-inner\">\n\t\t\t\t<div class=\"elementor-element elementor-element-f97d9ca elementor-widget elementor-widget-spacer\" data-id=\"f97d9ca\" data-element_type=\"widget\" data-e-type=\"widget\" data-widget_type=\"spacer.default\">\n\t\t\t\t<div class=\"elementor-widget-container\">\n\t\t\t\t\t\t\t<div class=\"elementor-spacer\">\n\t\t\t<div class=\"elementor-spacer-inner\"><\/div>\n\t\t<\/div>\n\t\t\t\t\t\t<\/div>\n\t\t\t\t<\/div>\n\t\t\t\t\t<\/div>\n\t\t\t\t<\/div>\n\t\t<div data-particle_enable=\"false\" data-particle-mobile-disabled=\"false\" class=\"elementor-element elementor-element-fc4c693 e-flex e-con-boxed e-con e-parent\" data-id=\"fc4c693\" data-element_type=\"container\" data-e-type=\"container\">\n\t\t\t\t\t<div class=\"e-con-inner\">\n\t\t\t\t<div class=\"elementor-element elementor-element-e7843f5 elementor-widget elementor-widget-html\" data-id=\"e7843f5\" data-element_type=\"widget\" data-e-type=\"widget\" data-widget_type=\"html.default\">\n\t\t\t\t<div class=\"elementor-widget-container\">\n\t\t\t\t\t\n  <\/header>\n  <main role=\"main\">\n    <a id=\"main-content\" tabindex=\"-1\"><\/a>    <div class=\"layout-content\">\n        <div class=\"region-content\">\n    <div data-drupal-messages-fallback class=\"hidden\"><\/div>  \n<article class=\"node parent-node landing-page node--type-landing-page node--view-mode-full\">\n\n\n      \n  \n  <div id=\"region-13542\"\n       class=\" \">\n    \n    <div class=\"pt-4 pb-4  container\" >\n      <div\n        class=\"row       justify-content-center\">\n                    \n\n  <div class=\"col-12 col-md-12 col-lg-12\"  >\n                  <div class=\"cms-content-picker\">\n          <div class=\"cms-content-child\">  <div class=\"paragraph html-content paragraph--type--html-content paragraph--view-mode--default\">\n          <div class=\"cms-text-content\">\n   \n<h4 class=\"text-align-center\"><span style=\"color:#ffffff;\"><strong>S\u00f8g blandt de mange gode, sjove, sp\u00e6ndende og oplysende oplevelser vores omr\u00e5de byder p\u00e5<\/strong><\/span><\/h4>\n<p> <\/p>\n\n <\/div>\n\n      <\/div>\n<\/div>\n      <\/div>\n\n\n        <\/div>\n\n\n              <\/div>\n    <\/div>\n          <style>\n                #region-13542 {\n          background-color: #040b3b;\n        }\n      <\/style>\n    \n    \n    <style>\n      \n      \n      \n      \n      \n    <\/style>\n  <\/div>\n\n  \n  <div id=\"region-8510\"\n       class=\" \">\n    \n    <div class=\"pt-4 pb-4  container\" >\n      <div\n        class=\"row       justify-content-center\">\n                    \n\n  <div class=\"col-12 col-md-12 col-lg-12\"  >\n                  <div class=\"cms-content-picker\">\n          <div class=\"cms-content-child\">  <div class=\"paragraph html-content paragraph--type--html-content paragraph--view-mode--default\">\n          <div class=\"cms-text-content\">\n     <link rel=\"stylesheet\" type=\"text\/css\" href=\"\/\/cdn.jsdelivr.net\/npm\/slick-carousel@1.8.1\/slick\/slick.css\" \/>\n<link rel=\"stylesheet\" type=\"text\/css\" href=\"https:\/\/cdnjs.cloudflare.com\/ajax\/libs\/slick-carousel\/1.8.1\/slick-theme.css\" \/>\n<link href=\"https:\/\/login.govisit.dk\/Views\/LocationGroupCalender\/bootstrap-destination-himmerland.css\" rel=\"stylesheet\" \/>\n<link href=\"https:\/\/login.govisit.dk\/Views\/LocationGroupCalender\/LocationGroupCalendar.css\" rel=\"stylesheet\" \/><meta name=\"viewport\" content=\"width=device-width, initial-scale=1.0\" \/><\/p>\n<script src=\"https:\/\/code.jquery.com\/jquery-2.2.4.min.js\" integrity=\"sha256-BbhdlvQf\/xTY9gja0Dq3HiwQF8LaCRTXxZKRutelT44=\" crossorigin=\"anonymous\"><\/script><script src=\"https:\/\/login.govisit.dk\/Scripts\/angular.js\"><\/script><script src=\"https:\/\/login.govisit.dk\/Scripts\/angular-translate.js\"><\/script><script src=\"https:\/\/login.govisit.dk\/Scripts\/bootstrap.js\"><\/script><script async=\"\" defer=\"defer\" src=\"https:\/\/maps.googleapis.com\/maps\/api\/js?key=AIzaSyCEUT508dNZCOD7DlmD8YBpQ8ZF4itdpqg&amp;libraries=places\"><\/script><script type=\"text\/javascript\" src=\"\/\/cdn.jsdelivr.net\/npm\/slick-carousel@1.8.1\/slick\/slick.min.js\"><\/script><script>\n\/\/<![CDATA[\n var pageSize = 9; var backgroundColor = \"#FFF\"; var ID = 115; var lang = \"da\"; \n\/\/]]>\n<\/script><div id=\"LocationGroupCalendarContainer\" style=\"background-color: rgb(255, 255, 255);\">\n<div id=\"LocationGroupCalendar\" class=\"locationgroupcalendar container-fluid\" ng-controller=\"LocationGroupCalendar\"><\/div>\n<\/div>\n<script src=\"https:\/\/login.govisit.dk\/Scripts\/LocationGroupCalendar.js?v=3\"><\/script>\n <\/div>\t\t\t\t<\/div>\n\t\t\t\t<\/div>\n\t\t\t\t\t<\/div>\n\t\t\t\t<\/div>\n\t\t<div data-particle_enable=\"false\" data-particle-mobile-disabled=\"false\" class=\"elementor-element elementor-element-af5df5f e-flex e-con-boxed e-con e-parent\" data-id=\"af5df5f\" data-element_type=\"container\" data-e-type=\"container\">\n\t\t\t\t\t<div class=\"e-con-inner\">\n\t\t\t\t<div class=\"elementor-element elementor-element-9056c14 elementor-widget elementor-widget-spacer\" data-id=\"9056c14\" data-element_type=\"widget\" data-e-type=\"widget\" data-widget_type=\"spacer.default\">\n\t\t\t\t<div class=\"elementor-widget-container\">\n\t\t\t\t\t\t\t<div class=\"elementor-spacer\">\n\t\t\t<div class=\"elementor-spacer-inner\"><\/div>\n\t\t<\/div>\n\t\t\t\t\t\t<\/div>\n\t\t\t\t<\/div>\n\t\t\t\t\t<\/div>\n\t\t\t\t<\/div>\n\t\t\t\t<\/div>\n\t\t","protected":false},"excerpt":{"rendered":"<p>Det sker i Toppen af Danmark S\u00f8g blandt de mange gode, sjove, sp\u00e6ndende og oplysende oplevelser vores omr\u00e5de byder p\u00e5 Omvisning p\u00e5 S486 Sajoni Oplev Skagens fiskeri fra f\u00f8rste parket \u2013 kom med ombord p\u00e5 en \u00e6gte rejetrawler Vil du helt t\u00e6t p\u00e5 det moderne fiskerliv? Den 2. august kan du komme ombord p\u00e5 den [&hellip;]<\/p>\n","protected":false},"author":249072019,"featured_media":0,"parent":0,"menu_order":0,"comment_status":"closed","ping_status":"closed","template":"","meta":{"footnotes":""},"folder":[],"class_list":["post-386","page","type-page","status-publish","hentry"],"blocksy_meta":{"has_hero_section":"disabled","styles_descriptor":{"styles":{"desktop":"","tablet":"","mobile":""},"google_fonts":[],"version":6}},"jetpack_sharing_enabled":true,"jetpack_shortlink":"https:\/\/wp.me\/PfGbFv-6e","_links":{"self":[{"href":"https:\/\/visitvendsyssel.dk\/de\/wp-json\/wp\/v2\/pages\/386","targetHints":{"allow":["GET"]}}],"collection":[{"href":"https:\/\/visitvendsyssel.dk\/de\/wp-json\/wp\/v2\/pages"}],"about":[{"href":"https:\/\/visitvendsyssel.dk\/de\/wp-json\/wp\/v2\/types\/page"}],"author":[{"embeddable":true,"href":"https:\/\/visitvendsyssel.dk\/de\/wp-json\/wp\/v2\/users\/249072019"}],"replies":[{"embeddable":true,"href":"https:\/\/visitvendsyssel.dk\/de\/wp-json\/wp\/v2\/comments?post=386"}],"version-history":[{"count":39,"href":"https:\/\/visitvendsyssel.dk\/de\/wp-json\/wp\/v2\/pages\/386\/revisions"}],"predecessor-version":[{"id":20230,"href":"https:\/\/visitvendsyssel.dk\/de\/wp-json\/wp\/v2\/pages\/386\/revisions\/20230"}],"wp:attachment":[{"href":"https:\/\/visitvendsyssel.dk\/de\/wp-json\/wp\/v2\/media?parent=386"}],"wp:term":[{"taxonomy":"folder","embeddable":true,"href":"https:\/\/visitvendsyssel.dk\/de\/wp-json\/wp\/v2\/folder?post=386"}],"curies":[{"name":"wp","href":"https:\/\/api.w.org\/{rel}","templated":true}]}}