{"id":5955,"date":"2024-04-22T17:28:32","date_gmt":"2024-04-22T15:28:32","guid":{"rendered":"https:\/\/visitvendsyssel.dk\/?page_id=5955"},"modified":"2025-02-13T13:03:36","modified_gmt":"2025-02-13T12:03:36","slug":"riverside-voersaa","status":"publish","type":"page","link":"https:\/\/visitvendsyssel.dk\/de\/riverside-voersaa\/","title":{"rendered":"Riverside Voers\u00e5"},"content":{"rendered":"<div data-elementor-type=\"wp-page\" data-elementor-id=\"5955\" class=\"elementor elementor-5955\" data-elementor-post-type=\"page\">\n\t\t\t\t\t\t<section data-particle_enable=\"false\" data-particle-mobile-disabled=\"false\" class=\"elementor-section elementor-top-section elementor-element elementor-element-252721bf ct-section-stretched elementor-section-boxed elementor-section-height-default elementor-section-height-default\" data-id=\"252721bf\" data-element_type=\"section\" data-e-type=\"section\" data-settings=\"{&quot;background_background&quot;:&quot;classic&quot;}\">\n\t\t\t\t\t\t\t<div class=\"elementor-background-overlay\"><\/div>\n\t\t\t\t\t\t\t<div class=\"elementor-container elementor-column-gap-no\">\n\t\t\t\t\t<div class=\"elementor-column elementor-col-100 elementor-top-column elementor-element elementor-element-bcb1cb7\" data-id=\"bcb1cb7\" data-element_type=\"column\" data-e-type=\"column\">\n\t\t\t<div class=\"elementor-widget-wrap elementor-element-populated\">\n\t\t\t\t\t\t<section data-particle_enable=\"false\" data-particle-mobile-disabled=\"false\" class=\"elementor-section elementor-inner-section elementor-element elementor-element-6ddeef8 elementor-section-boxed elementor-section-height-default elementor-section-height-default\" data-id=\"6ddeef8\" data-element_type=\"section\" data-e-type=\"section\">\n\t\t\t\t\t\t<div class=\"elementor-container elementor-column-gap-no\">\n\t\t\t\t\t<div class=\"elementor-column elementor-col-100 elementor-inner-column elementor-element elementor-element-679e12fc\" data-id=\"679e12fc\" data-element_type=\"column\" data-e-type=\"column\">\n\t\t\t<div class=\"elementor-widget-wrap elementor-element-populated\">\n\t\t\t\t\t\t<div class=\"elementor-element elementor-element-921ca0c elementor-icon-list--layout-inline elementor-widget__width-auto elementor-list-item-link-full_width elementor-widget elementor-widget-icon-list\" data-id=\"921ca0c\" data-element_type=\"widget\" data-e-type=\"widget\" data-widget_type=\"icon-list.default\">\n\t\t\t\t<div class=\"elementor-widget-container\">\n\t\t\t\t\t\t\t<ul class=\"elementor-icon-list-items elementor-inline-items\">\n\t\t\t\t\t\t\t<li class=\"elementor-icon-list-item elementor-inline-item\">\n\t\t\t\t\t\t\t\t\t\t\t<a href=\"https:\/\/www.riversidevoersaa.com\/\" target=\"_blank\" rel=\"noopener\">\n\n\t\t\t\t\t\t\t\t\t\t\t<span class=\"elementor-icon-list-text\">Essen und Trinken <\/span>\n\t\t\t\t\t\t\t\t\t\t\t<\/a>\n\t\t\t\t\t\t\t\t\t<\/li>\n\t\t\t\t\t\t\t\t<li class=\"elementor-icon-list-item elementor-inline-item\">\n\t\t\t\t\t\t\t\t\t\t\t<a href=\"https:\/\/www.riversidevoersaa.com\/\" target=\"_blank\" rel=\"noopener\">\n\n\t\t\t\t\t\t\t\t\t\t\t<span class=\"elementor-icon-list-text\">I Kanuverleih<\/span>\n\t\t\t\t\t\t\t\t\t\t\t<\/a>\n\t\t\t\t\t\t\t\t\t<\/li>\n\t\t\t\t\t\t\t\t<li class=\"elementor-icon-list-item elementor-inline-item\">\n\t\t\t\t\t\t\t\t\t\t\t<a href=\"https:\/\/www.riversidevoersaa.com\/\" target=\"_blank\" rel=\"noopener\">\n\n\t\t\t\t\t\t\t\t\t\t\t<span class=\"elementor-icon-list-text\">I Unterkunft<\/span>\n\t\t\t\t\t\t\t\t\t\t\t<\/a>\n\t\t\t\t\t\t\t\t\t<\/li>\n\t\t\t\t\t\t<\/ul>\n\t\t\t\t\t\t<\/div>\n\t\t\t\t<\/div>\n\t\t\t\t<div class=\"elementor-element elementor-element-4b780491 elementor-widget elementor-widget-heading\" data-id=\"4b780491\" data-element_type=\"widget\" data-e-type=\"widget\" data-widget_type=\"heading.default\">\n\t\t\t\t<div class=\"elementor-widget-container\">\n\t\t\t\t\t<h2 class=\"elementor-heading-title elementor-size-default\">Riverside Voers\u00e5<\/h2>\t\t\t\t<\/div>\n\t\t\t\t<\/div>\n\t\t\t\t<div class=\"elementor-element elementor-element-2de44ecc elementor-widget__width-initial elementor-widget elementor-widget-text-editor\" data-id=\"2de44ecc\" data-element_type=\"widget\" data-e-type=\"widget\" data-widget_type=\"text-editor.default\">\n\t\t\t\t<div class=\"elementor-widget-container\">\n\t\t\t\t\t\t\t\t\t<p><strong>Idyllische Lage mit vielen M\u00f6glichkeiten f\u00fcr Abenteuer<\/strong><\/p>\t\t\t\t\t\t\t\t<\/div>\n\t\t\t\t<\/div>\n\t\t\t\t\t<\/div>\n\t\t<\/div>\n\t\t\t\t\t<\/div>\n\t\t<\/section>\n\t\t\t\t\t<\/div>\n\t\t<\/div>\n\t\t\t\t\t<\/div>\n\t\t<\/section>\n\t\t<div data-particle_enable=\"false\" data-particle-mobile-disabled=\"false\" class=\"elementor-element elementor-element-6614b0f e-flex e-con-boxed e-con e-parent\" data-id=\"6614b0f\" data-element_type=\"container\" data-e-type=\"container\">\n\t\t\t\t\t<div class=\"e-con-inner\">\n\t\t\t\t\t<\/div>\n\t\t\t\t<\/div>\n\t\t<div data-particle_enable=\"false\" data-particle-mobile-disabled=\"false\" class=\"elementor-element elementor-element-74d216b e-flex e-con-boxed e-con e-parent\" data-id=\"74d216b\" data-element_type=\"container\" data-e-type=\"container\">\n\t\t\t\t\t<div class=\"e-con-inner\">\n\t\t<div data-particle_enable=\"false\" data-particle-mobile-disabled=\"false\" class=\"elementor-element elementor-element-b2cbae8 e-con-full e-flex e-con e-child\" data-id=\"b2cbae8\" data-element_type=\"container\" data-e-type=\"container\">\n\t\t\t\t<div class=\"elementor-element elementor-element-247039c elementor-widget elementor-widget-google_maps\" data-id=\"247039c\" data-element_type=\"widget\" data-e-type=\"widget\" data-widget_type=\"google_maps.default\">\n\t\t\t\t<div class=\"elementor-widget-container\">\n\t\t\t\t\t\t\t<div class=\"elementor-custom-embed\">\n\t\t\t<iframe loading=\"lazy\"\n\t\t\t\t\tsrc=\"https:\/\/maps.google.com\/maps?q=Riverside%20Voers%C3%A5&#038;t=m&#038;z=11&#038;output=embed&#038;iwloc=near\"\n\t\t\t\t\ttitle=\"Riverside Voers\u00e5\"\n\t\t\t\t\taria-label=\"Riverside Voers\u00e5\"\n\t\t\t><\/iframe>\n\t\t<\/div>\n\t\t\t\t\t\t<\/div>\n\t\t\t\t<\/div>\n\t\t\t\t<\/div>\n\t\t<div data-particle_enable=\"false\" data-particle-mobile-disabled=\"false\" class=\"elementor-element elementor-element-3b49ddf e-con-full e-flex e-con e-child\" data-id=\"3b49ddf\" data-element_type=\"container\" data-e-type=\"container\">\n\t\t\t\t<div class=\"elementor-element elementor-element-06dea69 elementor-widget elementor-widget-heading\" data-id=\"06dea69\" data-element_type=\"widget\" data-e-type=\"widget\" data-widget_type=\"heading.default\">\n\t\t\t\t<div class=\"elementor-widget-container\">\n\t\t\t\t\t<h2 class=\"elementor-heading-title elementor-size-default\">Riverside Voers\u00e5 bietet viele gem\u00fctliche Erlebnisse f\u00fcr die ganze Familie<\/h2>\t\t\t\t<\/div>\n\t\t\t\t<\/div>\n\t\t\t\t<div class=\"elementor-element elementor-element-2471508 elementor-widget elementor-widget-text-editor\" data-id=\"2471508\" data-element_type=\"widget\" data-e-type=\"widget\" data-widget_type=\"text-editor.default\">\n\t\t\t\t<div class=\"elementor-widget-container\">\n\t\t\t\t\t\t\t\t\t<p>Das Riverside Voersaa liegt direkt an einem der sch\u00f6nsten Fl\u00fcsse D\u00e4nemarks und bietet Erlebnisse f\u00fcr Jung und Alt.<\/p><p>Wenn Sie darum wetteifern wollen, wer als Erster mit einem Tretboot ankommt, k\u00f6nnen Sie als Preis eines der gr\u00f6\u00dften Eiskreationen erhalten, die es vor Ort zu kaufen gibt.<\/p><p>Wir empfehlen Ihnen auch, im Riverside zu Mittag zu essen. Vielleicht ist eine der k\u00f6stlichen Steinofenpizzen etwas f\u00fcr Sie!<\/p><p>Gerne k\u00f6nnen Sie auch Ihren eigenen leckeren Picknickkorb mitnehmen, um in aller Ruhe und Gem\u00fctlichkeit mit dem Kanu den Fluss hinunter zu gleiten. Sie k\u00f6nnen zwischen verschiedenen Strecken w\u00e4hlen, je nachdem, wie lange die Fahrt dauern soll.\u00a0<\/p><p>Wenn Sie die Kanus an einen anderen vereinbarten Ort liefern lassen m\u00f6chten, ist dies ebenfalls m\u00f6glich. Dann k\u00f6nnen Sie einen wundersch\u00f6nen Tag auf dem Wasser am Riverside Voers\u00e5 ausklingen lassen.<\/p><p>Wenn Sie Lust auf einen kleinen Urlaub mit einem fantastischen Blick auf den Fluss haben und mit Vogelgezwitscher in den Ohren aufwachen m\u00f6chten, k\u00f6nnen Sie eines der sch\u00f6nen Zimmer mieten.<\/p><p>Hier k\u00f6nnen Sie sich auf viele gem\u00fctliche Stunden freuen!<\/p><p>\u00a0<\/p>\t\t\t\t\t\t\t\t<\/div>\n\t\t\t\t<\/div>\n\t\t\t\t<\/div>\n\t\t\t\t\t<\/div>\n\t\t\t\t<\/div>\n\t\t<div data-particle_enable=\"false\" data-particle-mobile-disabled=\"false\" class=\"elementor-element elementor-element-b1c2e0e e-flex e-con-boxed e-con e-parent\" data-id=\"b1c2e0e\" data-element_type=\"container\" data-e-type=\"container\">\n\t\t\t\t\t<div class=\"e-con-inner\">\n\t\t\t\t<div class=\"elementor-element elementor-element-d53dcbc elementor-arrows-position-inside elementor-pagination-position-outside elementor-widget elementor-widget-image-carousel\" data-id=\"d53dcbc\" data-element_type=\"widget\" data-e-type=\"widget\" data-settings=\"{&quot;slides_to_show&quot;:&quot;2&quot;,&quot;slides_to_scroll&quot;:&quot;2&quot;,&quot;navigation&quot;:&quot;both&quot;,&quot;autoplay&quot;:&quot;yes&quot;,&quot;pause_on_hover&quot;:&quot;yes&quot;,&quot;pause_on_interaction&quot;:&quot;yes&quot;,&quot;autoplay_speed&quot;:5000,&quot;infinite&quot;:&quot;yes&quot;,&quot;speed&quot;:500,&quot;image_spacing_custom&quot;:{&quot;unit&quot;:&quot;px&quot;,&quot;size&quot;:20,&quot;sizes&quot;:[]},&quot;image_spacing_custom_tablet&quot;:{&quot;unit&quot;:&quot;px&quot;,&quot;size&quot;:&quot;&quot;,&quot;sizes&quot;:[]},&quot;image_spacing_custom_mobile&quot;:{&quot;unit&quot;:&quot;px&quot;,&quot;size&quot;:&quot;&quot;,&quot;sizes&quot;:[]}}\" data-widget_type=\"image-carousel.default\">\n\t\t\t\t<div class=\"elementor-widget-container\">\n\t\t\t\t\t\t\t<div class=\"elementor-image-carousel-wrapper swiper\" role=\"region\" aria-roledescription=\"carousel\" aria-label=\"Bild-Karussell\" dir=\"ltr\">\n\t\t\t<div class=\"elementor-image-carousel swiper-wrapper\" aria-live=\"off\">\n\t\t\t\t\t\t\t\t<div class=\"swiper-slide\" role=\"group\" aria-roledescription=\"slide\" aria-label=\"1 von 4\"><figure class=\"swiper-slide-inner\"><img decoding=\"async\" class=\"swiper-slide-image\" src=\"https:\/\/i0.wp.com\/visitvendsyssel.dk\/wp-content\/uploads\/2024\/04\/riverside_a4.webp?fit=1110%2C1110&amp;ssl=1\" alt=\"flussufer_a4\" \/><\/figure><\/div><div class=\"swiper-slide\" role=\"group\" aria-roledescription=\"slide\" aria-label=\"2 von 4\"><figure class=\"swiper-slide-inner\"><img decoding=\"async\" class=\"swiper-slide-image\" src=\"https:\/\/i0.wp.com\/visitvendsyssel.dk\/wp-content\/uploads\/2024\/04\/riverside_a6.webp?fit=1110%2C1110&amp;ssl=1\" alt=\"flussufer_a6\" \/><\/figure><\/div><div class=\"swiper-slide\" role=\"group\" aria-roledescription=\"slide\" aria-label=\"3 von 4\"><figure class=\"swiper-slide-inner\"><img decoding=\"async\" class=\"swiper-slide-image\" src=\"https:\/\/i0.wp.com\/visitvendsyssel.dk\/wp-content\/uploads\/2024\/04\/riverside_a14.webp?fit=720%2C720&amp;ssl=1\" alt=\"riverside_a14\" \/><\/figure><\/div><div class=\"swiper-slide\" role=\"group\" aria-roledescription=\"slide\" aria-label=\"4 von 4\"><figure class=\"swiper-slide-inner\"><img decoding=\"async\" class=\"swiper-slide-image\" src=\"https:\/\/i0.wp.com\/visitvendsyssel.dk\/wp-content\/uploads\/2024\/04\/riverside_a7.webp?fit=1110%2C1110&amp;ssl=1\" alt=\"flussufer_a7\" \/><\/figure><\/div>\t\t\t<\/div>\n\t\t\t\t\t\t\t\t\t\t\t\t<div class=\"elementor-swiper-button elementor-swiper-button-prev\" role=\"button\" tabindex=\"0\">\n\t\t\t\t\t\t<svg aria-hidden=\"true\" class=\"e-font-icon-svg e-eicon-chevron-left\" viewbox=\"0 0 1000 1000\" xmlns=\"http:\/\/www.w3.org\/2000\/svg\"><path d=\"M646 125C629 125 613 133 604 142L308 442C296 454 292 471 292 487 292 504 296 521 308 533L604 854C617 867 629 875 646 875 663 875 679 871 692 858 704 846 713 829 713 812 713 796 708 779 692 767L438 487 692 225C700 217 708 204 708 187 708 171 704 154 692 142 675 129 663 125 646 125Z\"><\/path><\/svg>\t\t\t\t\t<\/div>\n\t\t\t\t\t<div class=\"elementor-swiper-button elementor-swiper-button-next\" role=\"button\" tabindex=\"0\">\n\t\t\t\t\t\t<svg aria-hidden=\"true\" class=\"e-font-icon-svg e-eicon-chevron-right\" viewbox=\"0 0 1000 1000\" xmlns=\"http:\/\/www.w3.org\/2000\/svg\"><path d=\"M696 533C708 521 713 504 713 487 713 471 708 454 696 446L400 146C388 133 375 125 354 125 338 125 325 129 313 142 300 154 292 171 292 187 292 204 296 221 308 233L563 492 304 771C292 783 288 800 288 817 288 833 296 850 308 863 321 871 338 875 354 875 371 875 388 867 400 854L696 533Z\"><\/path><\/svg>\t\t\t\t\t<\/div>\n\t\t\t\t\n\t\t\t\t\t\t\t\t\t<div class=\"swiper-pagination\"><\/div>\n\t\t\t\t\t\t\t\t\t<\/div>\n\t\t\t\t\t\t<\/div>\n\t\t\t\t<\/div>\n\t\t\t\t\t<\/div>\n\t\t\t\t<\/div>\n\t\t<div data-particle_enable=\"false\" data-particle-mobile-disabled=\"false\" class=\"elementor-element elementor-element-5505b1d e-flex e-con-boxed e-con e-parent\" data-id=\"5505b1d\" data-element_type=\"container\" data-e-type=\"container\">\n\t\t\t\t\t<div class=\"e-con-inner\">\n\t\t\t\t<div class=\"elementor-element elementor-element-1896139 elementor-widget elementor-widget-text-editor\" data-id=\"1896139\" data-element_type=\"widget\" data-e-type=\"widget\" data-widget_type=\"text-editor.default\">\n\t\t\t\t<div class=\"elementor-widget-container\">\n\t\t\t\t\t\t\t\t\t<div id=\"region-5273\" class=\"\"><div class=\"pt-4 pb-4 container\"><div class=\"row justify-content-center\"><div class=\"col-12 col-md-12 col-lg-12 aos-init aos-animate\" data-aos=\"fade\"><div class=\"cms-content-picker\"><div class=\"cms-content-child\"><div class=\"paragraph html-content paragraph--type--html-content paragraph--view-mode--default\"><div class=\"cms-text-content\"><p class=\"text-align-center\"><strong>Riverside Voers\u00e5 | \u00d8stkystvejen 344 | 9300 S\u00e6by | +45 98 46 00 51 |<a href=\"https:\/\/www.riversidevoersaa.com\/\" target=\"_blank\" rel=\"noopener\"> Riversidevoersaa.com<\/a><\/strong><\/p><\/div><\/div><\/div><\/div><\/div><\/div><\/div><\/div><div id=\"region-3416\" class=\"\"><div class=\"pt-4 pb-4 container\"><div class=\"row\"><div class=\"col-12 col-md-12 col-lg-12 aos-init aos-animate\" data-aos=\"fade\"><div class=\"cms-content-picker\"><div class=\"cms-content-child\"><div class=\"paragraph html-content paragraph--type--html-content paragraph--view-mode--default\"><div class=\"cms-text-content\">\u00a0<\/div><\/div><\/div><\/div><\/div><\/div><\/div><\/div>\t\t\t\t\t\t\t\t<\/div>\n\t\t\t\t<\/div>\n\t\t\t\t\t<\/div>\n\t\t\t\t<\/div>\n\t\t\t\t<\/div>","protected":false},"excerpt":{"rendered":"<p>Mad og Drikke I Kanoutleje I Overnatning Riverside Voers\u00e5 Idyllisk beliggenhed med mange oplevelsers mulighed Riverside Voers\u00e5 byder p\u00e5 mange hyggelige oplevelser for hele familien Riverside Voersaa ligger helt ned til en af\u00a0Danmarks smukkeste \u00e5er, og her venter der oplevelser for alle &#8211; b\u00e5de store og sm\u00e5. Skal der k\u00e6mpes om hvem der kommer f\u00f8rst [&hellip;]<\/p>\n","protected":false},"author":249072019,"featured_media":0,"parent":0,"menu_order":0,"comment_status":"closed","ping_status":"closed","template":"","meta":{"footnotes":""},"folder":[],"class_list":["post-5955","page","type-page","status-publish","hentry"],"blocksy_meta":{"has_hero_section":"disabled","styles_descriptor":{"styles":{"desktop":"","tablet":"","mobile":""},"google_fonts":[],"version":6}},"jetpack_sharing_enabled":true,"jetpack_shortlink":"https:\/\/wp.me\/PfGbFv-1y3","_links":{"self":[{"href":"https:\/\/visitvendsyssel.dk\/de\/wp-json\/wp\/v2\/pages\/5955","targetHints":{"allow":["GET"]}}],"collection":[{"href":"https:\/\/visitvendsyssel.dk\/de\/wp-json\/wp\/v2\/pages"}],"about":[{"href":"https:\/\/visitvendsyssel.dk\/de\/wp-json\/wp\/v2\/types\/page"}],"author":[{"embeddable":true,"href":"https:\/\/visitvendsyssel.dk\/de\/wp-json\/wp\/v2\/users\/249072019"}],"replies":[{"embeddable":true,"href":"https:\/\/visitvendsyssel.dk\/de\/wp-json\/wp\/v2\/comments?post=5955"}],"version-history":[{"count":84,"href":"https:\/\/visitvendsyssel.dk\/de\/wp-json\/wp\/v2\/pages\/5955\/revisions"}],"predecessor-version":[{"id":17637,"href":"https:\/\/visitvendsyssel.dk\/de\/wp-json\/wp\/v2\/pages\/5955\/revisions\/17637"}],"wp:attachment":[{"href":"https:\/\/visitvendsyssel.dk\/de\/wp-json\/wp\/v2\/media?parent=5955"}],"wp:term":[{"taxonomy":"folder","embeddable":true,"href":"https:\/\/visitvendsyssel.dk\/de\/wp-json\/wp\/v2\/folder?post=5955"}],"curies":[{"name":"wp","href":"https:\/\/api.w.org\/{rel}","templated":true}]}}