{"id":8340,"date":"2024-06-06T09:28:58","date_gmt":"2024-06-06T07:28:58","guid":{"rendered":"https:\/\/visitvendsyssel.dk\/?page_id=8340"},"modified":"2024-11-16T12:03:30","modified_gmt":"2024-11-16T11:03:30","slug":"bistro-v","status":"publish","type":"page","link":"https:\/\/visitvendsyssel.dk\/de\/bistro-v\/","title":{"rendered":"Bistro V"},"content":{"rendered":"<div data-elementor-type=\"wp-page\" data-elementor-id=\"8340\" class=\"elementor elementor-8340\" data-elementor-post-type=\"page\">\n\t\t\t\t\t\t<section data-particle_enable=\"false\" data-particle-mobile-disabled=\"false\" class=\"elementor-section elementor-top-section elementor-element elementor-element-252721bf ct-section-stretched elementor-section-boxed elementor-section-height-default elementor-section-height-default\" data-id=\"252721bf\" data-element_type=\"section\" data-e-type=\"section\" data-settings=\"{&quot;background_background&quot;:&quot;classic&quot;}\">\n\t\t\t\t\t\t\t<div class=\"elementor-background-overlay\"><\/div>\n\t\t\t\t\t\t\t<div class=\"elementor-container elementor-column-gap-no\">\n\t\t\t\t\t<div class=\"elementor-column elementor-col-100 elementor-top-column elementor-element elementor-element-bcb1cb7\" data-id=\"bcb1cb7\" data-element_type=\"column\" data-e-type=\"column\">\n\t\t\t<div class=\"elementor-widget-wrap elementor-element-populated\">\n\t\t\t\t\t\t<section data-particle_enable=\"false\" data-particle-mobile-disabled=\"false\" class=\"elementor-section elementor-inner-section elementor-element elementor-element-6ddeef8 elementor-section-boxed elementor-section-height-default elementor-section-height-default\" data-id=\"6ddeef8\" data-element_type=\"section\" data-e-type=\"section\">\n\t\t\t\t\t\t<div class=\"elementor-container elementor-column-gap-no\">\n\t\t\t\t\t<div class=\"elementor-column elementor-col-100 elementor-inner-column elementor-element elementor-element-679e12fc\" data-id=\"679e12fc\" data-element_type=\"column\" data-e-type=\"column\">\n\t\t\t<div class=\"elementor-widget-wrap elementor-element-populated\">\n\t\t\t\t\t\t<div class=\"elementor-element elementor-element-921ca0c elementor-icon-list--layout-inline elementor-widget__width-auto elementor-list-item-link-full_width elementor-widget elementor-widget-icon-list\" data-id=\"921ca0c\" data-element_type=\"widget\" data-e-type=\"widget\" data-widget_type=\"icon-list.default\">\n\t\t\t\t<div class=\"elementor-widget-container\">\n\t\t\t\t\t\t\t<ul class=\"elementor-icon-list-items elementor-inline-items\">\n\t\t\t\t\t\t\t<li class=\"elementor-icon-list-item elementor-inline-item\">\n\t\t\t\t\t\t\t\t\t\t<span class=\"elementor-icon-list-text\">Essen und Trinken <\/span>\n\t\t\t\t\t\t\t\t\t<\/li>\n\t\t\t\t\t\t<\/ul>\n\t\t\t\t\t\t<\/div>\n\t\t\t\t<\/div>\n\t\t\t\t<div class=\"elementor-element elementor-element-4b780491 elementor-widget__width-initial elementor-widget elementor-widget-heading\" data-id=\"4b780491\" data-element_type=\"widget\" data-e-type=\"widget\" data-widget_type=\"heading.default\">\n\t\t\t\t<div class=\"elementor-widget-container\">\n\t\t\t\t\t<h2 class=\"elementor-heading-title elementor-size-default\">Bistro V<\/h2>\t\t\t\t<\/div>\n\t\t\t\t<\/div>\n\t\t\t\t<div class=\"elementor-element elementor-element-2de44ecc elementor-widget__width-initial elementor-widget elementor-widget-text-editor\" data-id=\"2de44ecc\" data-element_type=\"widget\" data-e-type=\"widget\" data-widget_type=\"text-editor.default\">\n\t\t\t\t<div class=\"elementor-widget-container\">\n\t\t\t\t\t\t\t\t\t<p><strong>Erleben Sie den Geschmack von S\u00e6by im Bistro V <\/strong><\/p>\t\t\t\t\t\t\t\t<\/div>\n\t\t\t\t<\/div>\n\t\t\t\t\t<\/div>\n\t\t<\/div>\n\t\t\t\t\t<\/div>\n\t\t<\/section>\n\t\t\t\t\t<\/div>\n\t\t<\/div>\n\t\t\t\t\t<\/div>\n\t\t<\/section>\n\t\t<div data-particle_enable=\"false\" data-particle-mobile-disabled=\"false\" class=\"elementor-element elementor-element-4a89cb5 e-flex e-con-boxed e-con e-parent\" data-id=\"4a89cb5\" data-element_type=\"container\" data-e-type=\"container\">\n\t\t\t\t\t<div class=\"e-con-inner\">\n\t\t\t\t<div class=\"elementor-element elementor-element-d7a2e55 elementor-widget elementor-widget-spacer\" data-id=\"d7a2e55\" data-element_type=\"widget\" data-e-type=\"widget\" data-widget_type=\"spacer.default\">\n\t\t\t\t<div class=\"elementor-widget-container\">\n\t\t\t\t\t\t\t<div class=\"elementor-spacer\">\n\t\t\t<div class=\"elementor-spacer-inner\"><\/div>\n\t\t<\/div>\n\t\t\t\t\t\t<\/div>\n\t\t\t\t<\/div>\n\t\t\t\t\t<\/div>\n\t\t\t\t<\/div>\n\t\t<div data-particle_enable=\"false\" data-particle-mobile-disabled=\"false\" class=\"elementor-element elementor-element-74d216b e-flex e-con-boxed e-con e-parent\" data-id=\"74d216b\" data-element_type=\"container\" data-e-type=\"container\">\n\t\t\t\t\t<div class=\"e-con-inner\">\n\t\t<div data-particle_enable=\"false\" data-particle-mobile-disabled=\"false\" class=\"elementor-element elementor-element-b2cbae8 e-con-full e-flex e-con e-child\" data-id=\"b2cbae8\" data-element_type=\"container\" data-e-type=\"container\">\n\t\t\t\t<div class=\"elementor-element elementor-element-247039c elementor-widget elementor-widget-google_maps\" data-id=\"247039c\" data-element_type=\"widget\" data-e-type=\"widget\" data-widget_type=\"google_maps.default\">\n\t\t\t\t<div class=\"elementor-widget-container\">\n\t\t\t\t\t\t\t<div class=\"elementor-custom-embed\">\n\t\t\t<iframe loading=\"lazy\"\n\t\t\t\t\tsrc=\"https:\/\/maps.google.com\/maps?q=bistro%20v%20s%C3%A6by&#038;t=m&#038;z=9&#038;output=embed&#038;iwloc=near\"\n\t\t\t\t\ttitle=\"bistro v s\u00e6by\"\n\t\t\t\t\taria-label=\"bistro v s\u00e6by\"\n\t\t\t><\/iframe>\n\t\t<\/div>\n\t\t\t\t\t\t<\/div>\n\t\t\t\t<\/div>\n\t\t\t\t<\/div>\n\t\t<div data-particle_enable=\"false\" data-particle-mobile-disabled=\"false\" class=\"elementor-element elementor-element-3b49ddf e-con-full e-flex e-con e-child\" data-id=\"3b49ddf\" data-element_type=\"container\" data-e-type=\"container\">\n\t\t\t\t<div class=\"elementor-element elementor-element-06dea69 elementor-widget elementor-widget-heading\" data-id=\"06dea69\" data-element_type=\"widget\" data-e-type=\"widget\" data-widget_type=\"heading.default\">\n\t\t\t\t<div class=\"elementor-widget-container\">\n\t\t\t\t\t<h2 class=\"elementor-heading-title elementor-size-default\">Erleben Sie den Geschmack von S\u00e6by im Bistro V<\/h2>\t\t\t\t<\/div>\n\t\t\t\t<\/div>\n\t\t\t\t<div class=\"elementor-element elementor-element-2471508 elementor-widget elementor-widget-text-editor\" data-id=\"2471508\" data-element_type=\"widget\" data-e-type=\"widget\" data-widget_type=\"text-editor.default\">\n\t\t\t\t<div class=\"elementor-widget-container\">\n\t\t\t\t\t\t\t\t\t<p>Erleben Sie den Geschmack von S\u00e6by im Bistro V, wo lokale Zutaten auf kulinarische Kompetenz treffen. Das Bistro V bietet eine gem\u00fctliche Atmosph\u00e4re, die sich perfekt f\u00fcr eine entspannte Mahlzeit nach der Erkundung der Stadt eignet. Hier k\u00f6nnen Sie von Mittagsgerichten bis hin zu Abendmen\u00fcs alles genie\u00dfen, wobei der Schwerpunkt auf Qualit\u00e4t und Geschmack liegt. Auf der Speisekarte stehen auch gesellige Gerichte, die sich ideal zum Teilen mit Freunden und Familie eignen. Egal, ob Sie f\u00fcr einen schnellen Imbiss oder einen langen, gem\u00fctlichen Abend kommen, Sie werden f\u00fcr jeden etwas finden. Das Bistro V ist au\u00dferdem f\u00fcr seinen freundlichen und informellen Service bekannt, der Ihren Besuch noch angenehmer macht.<\/p>\t\t\t\t\t\t\t\t<\/div>\n\t\t\t\t<\/div>\n\t\t\t\t<\/div>\n\t\t\t\t\t<\/div>\n\t\t\t\t<\/div>\n\t\t<div data-particle_enable=\"false\" data-particle-mobile-disabled=\"false\" class=\"elementor-element elementor-element-56c3dd0 e-flex e-con-boxed e-con e-parent\" data-id=\"56c3dd0\" data-element_type=\"container\" data-e-type=\"container\">\n\t\t\t\t\t<div class=\"e-con-inner\">\n\t\t\t\t<div class=\"elementor-element elementor-element-9d0021b elementor-widget elementor-widget-image\" data-id=\"9d0021b\" data-element_type=\"widget\" data-e-type=\"widget\" data-widget_type=\"image.default\">\n\t\t\t\t<div class=\"elementor-widget-container\">\n\t\t\t\t\t\t\t\t\t\t\t\t\t\t\t<img fetchpriority=\"high\" decoding=\"async\" data-attachment-id=\"8268\" data-permalink=\"https:\/\/visitvendsyssel.dk\/de\/kongen-1\/\" data-orig-file=\"https:\/\/i0.wp.com\/visitvendsyssel.dk\/wp-content\/uploads\/2024\/06\/Kongen-1.webp?fit=1651%2C826&amp;ssl=1\" data-orig-size=\"1651,826\" data-comments-opened=\"1\" data-image-meta=\"{&quot;aperture&quot;:&quot;4.5&quot;,&quot;credit&quot;:&quot;&quot;,&quot;camera&quot;:&quot;Canon EOS 5D Mark III&quot;,&quot;caption&quot;:&quot;&quot;,&quot;created_timestamp&quot;:&quot;1381197517&quot;,&quot;copyright&quot;:&quot;&quot;,&quot;focal_length&quot;:&quot;70&quot;,&quot;iso&quot;:&quot;100&quot;,&quot;shutter_speed&quot;:&quot;0.00625&quot;,&quot;title&quot;:&quot;&quot;,&quot;orientation&quot;:&quot;1&quot;}\" data-image-title=\"Kongen-1\" data-image-description=\"\" data-image-caption=\"\" data-medium-file=\"https:\/\/i0.wp.com\/visitvendsyssel.dk\/wp-content\/uploads\/2024\/06\/Kongen-1.webp?fit=300%2C150&amp;ssl=1\" data-large-file=\"https:\/\/i0.wp.com\/visitvendsyssel.dk\/wp-content\/uploads\/2024\/06\/Kongen-1.webp?fit=1024%2C512&amp;ssl=1\" width=\"1024\" height=\"512\" src=\"https:\/\/i0.wp.com\/visitvendsyssel.dk\/wp-content\/uploads\/2024\/06\/Kongen-1.webp?fit=1024%2C512&amp;ssl=1\" class=\"attachment-large size-large wp-image-8268\" alt=\"\" srcset=\"https:\/\/i0.wp.com\/visitvendsyssel.dk\/wp-content\/uploads\/2024\/06\/Kongen-1.webp?w=1651&amp;ssl=1 1651w, https:\/\/i0.wp.com\/visitvendsyssel.dk\/wp-content\/uploads\/2024\/06\/Kongen-1.webp?resize=300%2C150&amp;ssl=1 300w, https:\/\/i0.wp.com\/visitvendsyssel.dk\/wp-content\/uploads\/2024\/06\/Kongen-1.webp?resize=1024%2C512&amp;ssl=1 1024w, https:\/\/i0.wp.com\/visitvendsyssel.dk\/wp-content\/uploads\/2024\/06\/Kongen-1.webp?resize=768%2C384&amp;ssl=1 768w, https:\/\/i0.wp.com\/visitvendsyssel.dk\/wp-content\/uploads\/2024\/06\/Kongen-1.webp?resize=1536%2C768&amp;ssl=1 1536w, https:\/\/i0.wp.com\/visitvendsyssel.dk\/wp-content\/uploads\/2024\/06\/Kongen-1.webp?resize=18%2C9&amp;ssl=1 18w, https:\/\/i0.wp.com\/visitvendsyssel.dk\/wp-content\/uploads\/2024\/06\/Kongen-1.webp?resize=1200%2C600&amp;ssl=1 1200w, https:\/\/i0.wp.com\/visitvendsyssel.dk\/wp-content\/uploads\/2024\/06\/Kongen-1.webp?resize=600%2C300&amp;ssl=1 600w\" sizes=\"(max-width: 1024px) 100vw, 1024px\" \/>\t\t\t\t\t\t\t\t\t\t\t\t\t\t\t<\/div>\n\t\t\t\t<\/div>\n\t\t\t\t\t<\/div>\n\t\t\t\t<\/div>\n\t\t<div data-particle_enable=\"false\" data-particle-mobile-disabled=\"false\" class=\"elementor-element elementor-element-5505b1d e-flex e-con-boxed e-con e-parent\" data-id=\"5505b1d\" data-element_type=\"container\" data-e-type=\"container\">\n\t\t\t\t\t<div class=\"e-con-inner\">\n\t\t\t\t<div class=\"elementor-element elementor-element-1896139 elementor-widget elementor-widget-text-editor\" data-id=\"1896139\" data-element_type=\"widget\" data-e-type=\"widget\" data-widget_type=\"text-editor.default\">\n\t\t\t\t<div class=\"elementor-widget-container\">\n\t\t\t\t\t\t\t\t\t<div data-aos=\"fade\"><p><b>Bistro V | Havnen 2 | 9300 S\u00e6by | +45 <span aria-label=\"Rufen Sie die Rufnummer 98 46 29 29 90 an.\">98 46 29 90 | <a href=\"http:\/\/www.v-bistro.dk\/saeby\" rel=\"nofollow\">http:\/\/www.v-bistro.dk\/saeby<\/a><\/span><\/b><\/p><\/div>\t\t\t\t\t\t\t\t<\/div>\n\t\t\t\t<\/div>\n\t\t\t\t\t<\/div>\n\t\t\t\t<\/div>\n\t\t\t\t<\/div>","protected":false},"excerpt":{"rendered":"<p>Mad og Drikke Bistro V Oplev smagen af S\u00e6by p\u00e5 Bistro V Oplev smagen af S\u00e6by p\u00e5 Bistro V Oplev smagen af S\u00e6by p\u00e5 Bistro V, hvor lokale ingredienser m\u00f8der kulinarisk ekspertise. Bistro V byder p\u00e5 en hyggelig atmosf\u00e6re perfekt til et afslappende m\u00e5ltid efter at have udforsket byen. Her kan du nyde alt fra [&hellip;]<\/p>\n","protected":false},"author":249072019,"featured_media":0,"parent":0,"menu_order":0,"comment_status":"closed","ping_status":"closed","template":"","meta":{"jetpack_post_was_ever_published":false,"footnotes":""},"folder":[],"class_list":["post-8340","page","type-page","status-publish","hentry"],"blocksy_meta":{"has_hero_section":"disabled","styles_descriptor":{"styles":{"desktop":"","tablet":"","mobile":""},"google_fonts":[],"version":6}},"jetpack_sharing_enabled":true,"jetpack_shortlink":"https:\/\/wp.me\/PfGbFv-2aw","_links":{"self":[{"href":"https:\/\/visitvendsyssel.dk\/de\/wp-json\/wp\/v2\/pages\/8340","targetHints":{"allow":["GET"]}}],"collection":[{"href":"https:\/\/visitvendsyssel.dk\/de\/wp-json\/wp\/v2\/pages"}],"about":[{"href":"https:\/\/visitvendsyssel.dk\/de\/wp-json\/wp\/v2\/types\/page"}],"author":[{"embeddable":true,"href":"https:\/\/visitvendsyssel.dk\/de\/wp-json\/wp\/v2\/users\/249072019"}],"replies":[{"embeddable":true,"href":"https:\/\/visitvendsyssel.dk\/de\/wp-json\/wp\/v2\/comments?post=8340"}],"version-history":[{"count":13,"href":"https:\/\/visitvendsyssel.dk\/de\/wp-json\/wp\/v2\/pages\/8340\/revisions"}],"predecessor-version":[{"id":13570,"href":"https:\/\/visitvendsyssel.dk\/de\/wp-json\/wp\/v2\/pages\/8340\/revisions\/13570"}],"wp:attachment":[{"href":"https:\/\/visitvendsyssel.dk\/de\/wp-json\/wp\/v2\/media?parent=8340"}],"wp:term":[{"taxonomy":"folder","embeddable":true,"href":"https:\/\/visitvendsyssel.dk\/de\/wp-json\/wp\/v2\/folder?post=8340"}],"curies":[{"name":"wp","href":"https:\/\/api.w.org\/{rel}","templated":true}]}}