{"id":8775,"date":"2024-06-23T01:59:21","date_gmt":"2024-06-22T23:59:21","guid":{"rendered":"https:\/\/visitvendsyssel.dk\/?page_id=8775"},"modified":"2025-07-31T14:29:14","modified_gmt":"2025-07-31T12:29:14","slug":"vendsyssel-erfahrungen","status":"publish","type":"page","link":"https:\/\/visitvendsyssel.dk\/de\/vendsyssel-erfahrungen\/","title":{"rendered":"Strandby Erlebnisse"},"content":{"rendered":"<div data-elementor-type=\"wp-page\" data-elementor-id=\"8775\" class=\"elementor elementor-8775\" data-elementor-post-type=\"page\">\n\t\t\t\t\t\t<section data-particle_enable=\"false\" data-particle-mobile-disabled=\"false\" class=\"elementor-section elementor-top-section elementor-element elementor-element-769ed489 ct-section-stretched elementor-section-boxed elementor-section-height-default elementor-section-height-default\" data-id=\"769ed489\" data-element_type=\"section\" data-e-type=\"section\" data-settings=\"{&quot;background_background&quot;:&quot;classic&quot;}\">\n\t\t\t\t\t\t\t<div class=\"elementor-background-overlay\"><\/div>\n\t\t\t\t\t\t\t<div class=\"elementor-container elementor-column-gap-no\">\n\t\t\t\t\t<div class=\"elementor-column elementor-col-100 elementor-top-column elementor-element elementor-element-680edb27\" data-id=\"680edb27\" data-element_type=\"column\" data-e-type=\"column\">\n\t\t\t<div class=\"elementor-widget-wrap elementor-element-populated\">\n\t\t\t\t\t\t<section data-particle_enable=\"false\" data-particle-mobile-disabled=\"false\" class=\"elementor-section elementor-inner-section elementor-element elementor-element-47c2a61 elementor-section-full_width elementor-section-height-default elementor-section-height-default\" data-id=\"47c2a61\" data-element_type=\"section\" data-e-type=\"section\">\n\t\t\t\t\t\t<div class=\"elementor-container elementor-column-gap-no\">\n\t\t\t\t\t<div class=\"elementor-column elementor-col-100 elementor-inner-column elementor-element elementor-element-74cb38b9\" data-id=\"74cb38b9\" data-element_type=\"column\" data-e-type=\"column\">\n\t\t\t<div class=\"elementor-widget-wrap elementor-element-populated\">\n\t\t\t\t\t\t<div class=\"elementor-element elementor-element-572df638 elementor-icon-list--layout-inline elementor-widget__width-auto elementor-list-item-link-full_width elementor-widget elementor-widget-icon-list\" data-id=\"572df638\" data-element_type=\"widget\" data-e-type=\"widget\" data-widget_type=\"icon-list.default\">\n\t\t\t\t<div class=\"elementor-widget-container\">\n\t\t\t\t\t\t\t<ul class=\"elementor-icon-list-items elementor-inline-items\">\n\t\t\t\t\t\t\t<li class=\"elementor-icon-list-item elementor-inline-item\">\n\t\t\t\t\t\t\t\t\t\t<span class=\"elementor-icon-list-text\">Strandby<\/span>\n\t\t\t\t\t\t\t\t\t<\/li>\n\t\t\t\t\t\t<\/ul>\n\t\t\t\t\t\t<\/div>\n\t\t\t\t<\/div>\n\t\t\t\t<div class=\"elementor-element elementor-element-5fdecbc4 elementor-widget__width-initial elementor-widget elementor-widget-heading\" data-id=\"5fdecbc4\" data-element_type=\"widget\" data-e-type=\"widget\" data-widget_type=\"heading.default\">\n\t\t\t\t<div class=\"elementor-widget-container\">\n\t\t\t\t\t<h2 class=\"elementor-heading-title elementor-size-default\">Erlebnisse<\/h2>\t\t\t\t<\/div>\n\t\t\t\t<\/div>\n\t\t\t\t\t<\/div>\n\t\t<\/div>\n\t\t\t\t\t<\/div>\n\t\t<\/section>\n\t\t\t\t\t<\/div>\n\t\t<\/div>\n\t\t\t\t\t<\/div>\n\t\t<\/section>\n\t\t<div data-particle_enable=\"false\" data-particle-mobile-disabled=\"false\" class=\"elementor-element elementor-element-3dfdfd9 e-flex e-con-boxed e-con e-parent\" data-id=\"3dfdfd9\" data-element_type=\"container\" data-e-type=\"container\">\n\t\t\t\t\t<div class=\"e-con-inner\">\n\t\t\t\t<div class=\"elementor-element elementor-element-56d58b1 elementor-widget__width-initial elementor-widget elementor-widget-heading\" data-id=\"56d58b1\" data-element_type=\"widget\" data-e-type=\"widget\" data-widget_type=\"heading.default\">\n\t\t\t\t<div class=\"elementor-widget-container\">\n\t\t\t\t\t<h2 class=\"elementor-heading-title elementor-size-default\"><br>  Die besten Erlebnisse in Strandby<\/h2>\t\t\t\t<\/div>\n\t\t\t\t<\/div>\n\t\t\t\t\t<\/div>\n\t\t\t\t<\/div>\n\t\t<div data-particle_enable=\"false\" data-particle-mobile-disabled=\"false\" class=\"elementor-element elementor-element-9450926 e-flex e-con-boxed e-con e-parent\" data-id=\"9450926\" data-element_type=\"container\" data-e-type=\"container\">\n\t\t\t\t\t<div class=\"e-con-inner\">\n\t\t<div data-particle_enable=\"false\" data-particle-mobile-disabled=\"false\" class=\"elementor-element elementor-element-b2b056c e-con-full e-flex e-con e-child\" data-id=\"b2b056c\" data-element_type=\"container\" data-e-type=\"container\">\n\t\t\t\t<div class=\"elementor-element elementor-element-0bed205 elementor-widget elementor-widget-image\" data-id=\"0bed205\" data-element_type=\"widget\" data-e-type=\"widget\" data-widget_type=\"image.default\">\n\t\t\t\t<div class=\"elementor-widget-container\">\n\t\t\t\t\t\t\t\t\t\t\t\t\t\t\t\t<a href=\"https:\/\/visitvendsyssel.dk\/de\/strandby-fiskerihavn\/\">\n\t\t\t\t\t\t\t<img fetchpriority=\"high\" decoding=\"async\" data-attachment-id=\"8838\" data-permalink=\"https:\/\/visitvendsyssel.dk\/de\/screenshot-2024-06-23-at-03-15-13\/\" data-orig-file=\"https:\/\/i0.wp.com\/visitvendsyssel.dk\/wp-content\/uploads\/2024\/06\/Screenshot-2024-06-23-at-03.15.13.webp?fit=943%2C627&amp;ssl=1\" data-orig-size=\"943,627\" data-comments-opened=\"1\" data-image-meta=\"{&quot;aperture&quot;:&quot;0&quot;,&quot;credit&quot;:&quot;&quot;,&quot;camera&quot;:&quot;&quot;,&quot;caption&quot;:&quot;&quot;,&quot;created_timestamp&quot;:&quot;0&quot;,&quot;copyright&quot;:&quot;&quot;,&quot;focal_length&quot;:&quot;0&quot;,&quot;iso&quot;:&quot;0&quot;,&quot;shutter_speed&quot;:&quot;0&quot;,&quot;title&quot;:&quot;&quot;,&quot;orientation&quot;:&quot;0&quot;}\" data-image-title=\"Screenshot 2024-06-23 at 03.15.13\" data-image-description=\"\" data-image-caption=\"\" data-large-file=\"https:\/\/i0.wp.com\/visitvendsyssel.dk\/wp-content\/uploads\/2024\/06\/Screenshot-2024-06-23-at-03.15.13.webp?fit=943%2C627&amp;ssl=1\" width=\"943\" height=\"627\" src=\"https:\/\/i0.wp.com\/visitvendsyssel.dk\/wp-content\/uploads\/2024\/06\/Screenshot-2024-06-23-at-03.15.13.webp?fit=943%2C627&amp;ssl=1\" class=\"elementor-animation-grow attachment-large size-large wp-image-8838\" alt=\"\" srcset=\"https:\/\/i0.wp.com\/visitvendsyssel.dk\/wp-content\/uploads\/2024\/06\/Screenshot-2024-06-23-at-03.15.13.webp?w=943&amp;ssl=1 943w, https:\/\/i0.wp.com\/visitvendsyssel.dk\/wp-content\/uploads\/2024\/06\/Screenshot-2024-06-23-at-03.15.13.webp?resize=300%2C199&amp;ssl=1 300w, https:\/\/i0.wp.com\/visitvendsyssel.dk\/wp-content\/uploads\/2024\/06\/Screenshot-2024-06-23-at-03.15.13.webp?resize=768%2C511&amp;ssl=1 768w, https:\/\/i0.wp.com\/visitvendsyssel.dk\/wp-content\/uploads\/2024\/06\/Screenshot-2024-06-23-at-03.15.13.webp?resize=18%2C12&amp;ssl=1 18w, https:\/\/i0.wp.com\/visitvendsyssel.dk\/wp-content\/uploads\/2024\/06\/Screenshot-2024-06-23-at-03.15.13.webp?resize=600%2C399&amp;ssl=1 600w\" sizes=\"(max-width: 943px) 100vw, 943px\" \/>\t\t\t\t\t\t\t\t<\/a>\n\t\t\t\t\t\t\t\t\t\t\t\t\t\t\t<\/div>\n\t\t\t\t<\/div>\n\t\t\t\t<div class=\"elementor-element elementor-element-daef8cc elementor-widget elementor-widget-heading\" data-id=\"daef8cc\" data-element_type=\"widget\" data-e-type=\"widget\" data-widget_type=\"heading.default\">\n\t\t\t\t<div class=\"elementor-widget-container\">\n\t\t\t\t\t<h2 class=\"elementor-heading-title elementor-size-default\"><a href=\"https:\/\/visitvendsyssel.dk\/de\/strandby-fiskerihavn\/\">Fischereihafen Strandby <\/a><\/h2>\t\t\t\t<\/div>\n\t\t\t\t<\/div>\n\t\t\t\t<\/div>\n\t\t<div data-particle_enable=\"false\" data-particle-mobile-disabled=\"false\" class=\"elementor-element elementor-element-f4ddae4 e-con-full e-flex e-con e-child\" data-id=\"f4ddae4\" data-element_type=\"container\" data-e-type=\"container\">\n\t\t\t\t<div class=\"elementor-element elementor-element-4e7966c elementor-widget elementor-widget-image\" data-id=\"4e7966c\" data-element_type=\"widget\" data-e-type=\"widget\" data-widget_type=\"image.default\">\n\t\t\t\t<div class=\"elementor-widget-container\">\n\t\t\t\t\t\t\t\t\t\t\t\t\t\t\t\t<a href=\"https:\/\/visitvendsyssel.dk\/de\/strandby-lystbaadehavn\/\">\n\t\t\t\t\t\t\t<img decoding=\"async\" data-attachment-id=\"8848\" data-permalink=\"https:\/\/visitvendsyssel.dk\/de\/strandby-lystbaadehavn\/screenshot-2024-06-23-at-03-22-59\/\" data-orig-file=\"https:\/\/i0.wp.com\/visitvendsyssel.dk\/wp-content\/uploads\/2024\/06\/Screenshot-2024-06-23-at-03.22.59.webp?fit=738%2C563&amp;ssl=1\" data-orig-size=\"738,563\" data-comments-opened=\"1\" data-image-meta=\"{&quot;aperture&quot;:&quot;0&quot;,&quot;credit&quot;:&quot;&quot;,&quot;camera&quot;:&quot;&quot;,&quot;caption&quot;:&quot;&quot;,&quot;created_timestamp&quot;:&quot;0&quot;,&quot;copyright&quot;:&quot;&quot;,&quot;focal_length&quot;:&quot;0&quot;,&quot;iso&quot;:&quot;0&quot;,&quot;shutter_speed&quot;:&quot;0&quot;,&quot;title&quot;:&quot;&quot;,&quot;orientation&quot;:&quot;0&quot;}\" data-image-title=\"Screenshot 2024-06-23 at 03.22.59\" data-image-description=\"\" data-image-caption=\"\" data-large-file=\"https:\/\/i0.wp.com\/visitvendsyssel.dk\/wp-content\/uploads\/2024\/06\/Screenshot-2024-06-23-at-03.22.59.webp?fit=738%2C563&amp;ssl=1\" width=\"738\" height=\"563\" src=\"https:\/\/i0.wp.com\/visitvendsyssel.dk\/wp-content\/uploads\/2024\/06\/Screenshot-2024-06-23-at-03.22.59.webp?fit=738%2C563&amp;ssl=1\" class=\"elementor-animation-grow attachment-large size-large wp-image-8848\" alt=\"\" srcset=\"https:\/\/i0.wp.com\/visitvendsyssel.dk\/wp-content\/uploads\/2024\/06\/Screenshot-2024-06-23-at-03.22.59.webp?w=738&amp;ssl=1 738w, https:\/\/i0.wp.com\/visitvendsyssel.dk\/wp-content\/uploads\/2024\/06\/Screenshot-2024-06-23-at-03.22.59.webp?resize=300%2C229&amp;ssl=1 300w, https:\/\/i0.wp.com\/visitvendsyssel.dk\/wp-content\/uploads\/2024\/06\/Screenshot-2024-06-23-at-03.22.59.webp?resize=16%2C12&amp;ssl=1 16w, https:\/\/i0.wp.com\/visitvendsyssel.dk\/wp-content\/uploads\/2024\/06\/Screenshot-2024-06-23-at-03.22.59.webp?resize=600%2C458&amp;ssl=1 600w\" sizes=\"(max-width: 738px) 100vw, 738px\" \/>\t\t\t\t\t\t\t\t<\/a>\n\t\t\t\t\t\t\t\t\t\t\t\t\t\t\t<\/div>\n\t\t\t\t<\/div>\n\t\t\t\t<div class=\"elementor-element elementor-element-e8f6f2a elementor-widget elementor-widget-heading\" data-id=\"e8f6f2a\" data-element_type=\"widget\" data-e-type=\"widget\" data-widget_type=\"heading.default\">\n\t\t\t\t<div class=\"elementor-widget-container\">\n\t\t\t\t\t<h2 class=\"elementor-heading-title elementor-size-default\"><a href=\"https:\/\/visitvendsyssel.dk\/de\/strandby-lystbaadehavn\/\">Jachthafen Strandby <\/a><\/h2>\t\t\t\t<\/div>\n\t\t\t\t<\/div>\n\t\t\t\t<\/div>\n\t\t<div data-particle_enable=\"false\" data-particle-mobile-disabled=\"false\" class=\"elementor-element elementor-element-612d03e e-con-full e-flex e-con e-child\" data-id=\"612d03e\" data-element_type=\"container\" data-e-type=\"container\">\n\t\t\t\t<div class=\"elementor-element elementor-element-cacf00b elementor-widget elementor-widget-image\" data-id=\"cacf00b\" data-element_type=\"widget\" data-e-type=\"widget\" data-widget_type=\"image.default\">\n\t\t\t\t<div class=\"elementor-widget-container\">\n\t\t\t\t\t\t\t\t\t\t\t\t\t\t\t\t<a href=\"https:\/\/visitvendsyssel.dk\/de\/strandby-havnefest\/\">\n\t\t\t\t\t\t\t<img decoding=\"async\" data-attachment-id=\"20060\" data-permalink=\"https:\/\/visitvendsyssel.dk\/de\/strandby-havnefest-3-1024x1024\/\" data-orig-file=\"https:\/\/i0.wp.com\/visitvendsyssel.dk\/wp-content\/uploads\/2025\/07\/Strandby-Havnefest-3-1024x1024-1.jpg?fit=1024%2C1024&amp;ssl=1\" data-orig-size=\"1024,1024\" data-comments-opened=\"1\" data-image-meta=\"{&quot;aperture&quot;:&quot;0&quot;,&quot;credit&quot;:&quot;&quot;,&quot;camera&quot;:&quot;&quot;,&quot;caption&quot;:&quot;&quot;,&quot;created_timestamp&quot;:&quot;0&quot;,&quot;copyright&quot;:&quot;&quot;,&quot;focal_length&quot;:&quot;0&quot;,&quot;iso&quot;:&quot;0&quot;,&quot;shutter_speed&quot;:&quot;0&quot;,&quot;title&quot;:&quot;&quot;,&quot;orientation&quot;:&quot;1&quot;}\" data-image-title=\"Strandby Havnefest 3 1024&amp;#215;1024\" data-image-description=\"\" data-image-caption=\"\" data-large-file=\"https:\/\/i0.wp.com\/visitvendsyssel.dk\/wp-content\/uploads\/2025\/07\/Strandby-Havnefest-3-1024x1024-1.jpg?fit=1024%2C1024&amp;ssl=1\" width=\"1024\" height=\"1024\" src=\"https:\/\/i0.wp.com\/visitvendsyssel.dk\/wp-content\/uploads\/2025\/07\/Strandby-Havnefest-3-1024x1024-1.jpg?fit=1024%2C1024&amp;ssl=1\" class=\"elementor-animation-grow attachment-large size-large wp-image-20060\" alt=\"Strandby Havnefest er en \u00e5rlig tilbagevendende begivenhed\" srcset=\"https:\/\/i0.wp.com\/visitvendsyssel.dk\/wp-content\/uploads\/2025\/07\/Strandby-Havnefest-3-1024x1024-1.jpg?w=1024&amp;ssl=1 1024w, https:\/\/i0.wp.com\/visitvendsyssel.dk\/wp-content\/uploads\/2025\/07\/Strandby-Havnefest-3-1024x1024-1.jpg?resize=300%2C300&amp;ssl=1 300w, https:\/\/i0.wp.com\/visitvendsyssel.dk\/wp-content\/uploads\/2025\/07\/Strandby-Havnefest-3-1024x1024-1.jpg?resize=150%2C150&amp;ssl=1 150w, https:\/\/i0.wp.com\/visitvendsyssel.dk\/wp-content\/uploads\/2025\/07\/Strandby-Havnefest-3-1024x1024-1.jpg?resize=768%2C768&amp;ssl=1 768w, https:\/\/i0.wp.com\/visitvendsyssel.dk\/wp-content\/uploads\/2025\/07\/Strandby-Havnefest-3-1024x1024-1.jpg?resize=12%2C12&amp;ssl=1 12w\" sizes=\"(max-width: 1024px) 100vw, 1024px\" \/>\t\t\t\t\t\t\t\t<\/a>\n\t\t\t\t\t\t\t\t\t\t\t\t\t\t\t<\/div>\n\t\t\t\t<\/div>\n\t\t\t\t<div class=\"elementor-element elementor-element-d91abce elementor-widget elementor-widget-heading\" data-id=\"d91abce\" data-element_type=\"widget\" data-e-type=\"widget\" data-widget_type=\"heading.default\">\n\t\t\t\t<div class=\"elementor-widget-container\">\n\t\t\t\t\t<h2 class=\"elementor-heading-title elementor-size-default\"><a href=\"https:\/\/visitvendsyssel.dk\/de\/strandby-havnefest\/\">Strandby Havnefest<\/a><\/h2>\t\t\t\t<\/div>\n\t\t\t\t<\/div>\n\t\t\t\t<\/div>\n\t\t\t\t\t<\/div>\n\t\t\t\t<\/div>\n\t\t<div data-particle_enable=\"false\" data-particle-mobile-disabled=\"false\" class=\"elementor-element elementor-element-696ee2c e-flex e-con-boxed e-con e-parent\" data-id=\"696ee2c\" data-element_type=\"container\" data-e-type=\"container\">\n\t\t\t\t\t<div class=\"e-con-inner\">\n\t\t\t\t<div class=\"elementor-element elementor-element-ab6a6d4 elementor-widget elementor-widget-heading\" data-id=\"ab6a6d4\" data-element_type=\"widget\" data-e-type=\"widget\" data-widget_type=\"heading.default\">\n\t\t\t\t<div class=\"elementor-widget-container\">\n\t\t\t\t\t<h2 class=\"elementor-heading-title elementor-size-default\"><br>Mehr Spa\u00df, Gem\u00fctlichkeit und spannende Erlebnisse drinnen und drau\u00dfen<\/h2>\t\t\t\t<\/div>\n\t\t\t\t<\/div>\n\t\t\t\t\t<\/div>\n\t\t\t\t<\/div>\n\t\t<div data-particle_enable=\"false\" data-particle-mobile-disabled=\"false\" class=\"elementor-element elementor-element-967d148 e-flex e-con-boxed e-con e-parent\" data-id=\"967d148\" data-element_type=\"container\" data-e-type=\"container\">\n\t\t\t\t\t<div class=\"e-con-inner\">\n\t\t\t\t<div class=\"elementor-element elementor-element-8809baf elementor-widget elementor-widget-text-editor\" data-id=\"8809baf\" data-element_type=\"widget\" data-e-type=\"widget\" data-widget_type=\"text-editor.default\">\n\t\t\t\t<div class=\"elementor-widget-container\">\n\t\t\t\t\t\t\t\t\t<p>Wenn Sie gerne wandern, Rad fahren - sowohl mit dem MTB als auch auf eigene Faust -, historische Erlebnisse und ein charmantes Stadtzentrum m\u00f6gen, ist Vendsyssel das perfekte Urlaubsziel f\u00fcr Sie. Hier gibt es sowohl Wald als auch Wasser, Meer und Fluss, wo jeder Angler viele sch\u00f6ne Stunden verbringen kann - mit dem Fang von Fischen oder zumindest davon tr\u00e4umend.<\/p>\t\t\t\t\t\t\t\t<\/div>\n\t\t\t\t<\/div>\n\t\t\t\t\t<\/div>\n\t\t\t\t<\/div>\n\t\t<div data-particle_enable=\"false\" data-particle-mobile-disabled=\"false\" class=\"elementor-element elementor-element-ccbdfa6 e-flex e-con-boxed e-con e-parent\" data-id=\"ccbdfa6\" data-element_type=\"container\" data-e-type=\"container\">\n\t\t\t\t\t<div class=\"e-con-inner\">\n\t\t<div data-particle_enable=\"false\" data-particle-mobile-disabled=\"false\" class=\"elementor-element elementor-element-8b21023 e-con-full e-flex e-con e-child\" data-id=\"8b21023\" data-element_type=\"container\" data-e-type=\"container\">\n\t\t\t\t<div class=\"elementor-element elementor-element-c76dc10 elementor-widget elementor-widget-image\" data-id=\"c76dc10\" data-element_type=\"widget\" data-e-type=\"widget\" data-widget_type=\"image.default\">\n\t\t\t\t<div class=\"elementor-widget-container\">\n\t\t\t\t\t\t\t\t\t\t\t\t\t\t\t\t<a href=\"https:\/\/visitvendsyssel.dk\/de\/strandby-erhvervsnetvaerk\/\">\n\t\t\t\t\t\t\t<img loading=\"lazy\" decoding=\"async\" data-attachment-id=\"8959\" data-permalink=\"https:\/\/visitvendsyssel.dk\/de\/strandby-erhvervsnetvaerk\/strandby-erhvervsnetvaerk-2-2\/\" data-orig-file=\"https:\/\/i0.wp.com\/visitvendsyssel.dk\/wp-content\/uploads\/2024\/06\/Strandby-erhvervsnetvaerk-2.webp?fit=1500%2C1000&amp;ssl=1\" data-orig-size=\"1500,1000\" data-comments-opened=\"1\" data-image-meta=\"{&quot;aperture&quot;:&quot;0&quot;,&quot;credit&quot;:&quot;&quot;,&quot;camera&quot;:&quot;&quot;,&quot;caption&quot;:&quot;&quot;,&quot;created_timestamp&quot;:&quot;0&quot;,&quot;copyright&quot;:&quot;&quot;,&quot;focal_length&quot;:&quot;0&quot;,&quot;iso&quot;:&quot;0&quot;,&quot;shutter_speed&quot;:&quot;0&quot;,&quot;title&quot;:&quot;&quot;,&quot;orientation&quot;:&quot;0&quot;}\" data-image-title=\"Strandby erhvervsnetv\u00e6rk 2\" data-image-description=\"\" data-image-caption=\"\" data-large-file=\"https:\/\/i0.wp.com\/visitvendsyssel.dk\/wp-content\/uploads\/2024\/06\/Strandby-erhvervsnetvaerk-2.webp?fit=1024%2C683&amp;ssl=1\" width=\"1024\" height=\"683\" src=\"https:\/\/i0.wp.com\/visitvendsyssel.dk\/wp-content\/uploads\/2024\/06\/Strandby-erhvervsnetvaerk-2.webp?fit=1024%2C683&amp;ssl=1\" class=\"elementor-animation-grow attachment-large size-large wp-image-8959\" alt=\"\" srcset=\"https:\/\/i0.wp.com\/visitvendsyssel.dk\/wp-content\/uploads\/2024\/06\/Strandby-erhvervsnetvaerk-2.webp?w=1500&amp;ssl=1 1500w, https:\/\/i0.wp.com\/visitvendsyssel.dk\/wp-content\/uploads\/2024\/06\/Strandby-erhvervsnetvaerk-2.webp?resize=300%2C200&amp;ssl=1 300w, https:\/\/i0.wp.com\/visitvendsyssel.dk\/wp-content\/uploads\/2024\/06\/Strandby-erhvervsnetvaerk-2.webp?resize=1024%2C683&amp;ssl=1 1024w, https:\/\/i0.wp.com\/visitvendsyssel.dk\/wp-content\/uploads\/2024\/06\/Strandby-erhvervsnetvaerk-2.webp?resize=768%2C512&amp;ssl=1 768w, https:\/\/i0.wp.com\/visitvendsyssel.dk\/wp-content\/uploads\/2024\/06\/Strandby-erhvervsnetvaerk-2.webp?resize=18%2C12&amp;ssl=1 18w, https:\/\/i0.wp.com\/visitvendsyssel.dk\/wp-content\/uploads\/2024\/06\/Strandby-erhvervsnetvaerk-2.webp?resize=1200%2C800&amp;ssl=1 1200w, https:\/\/i0.wp.com\/visitvendsyssel.dk\/wp-content\/uploads\/2024\/06\/Strandby-erhvervsnetvaerk-2.webp?resize=600%2C400&amp;ssl=1 600w\" sizes=\"(max-width: 1024px) 100vw, 1024px\" \/>\t\t\t\t\t\t\t\t<\/a>\n\t\t\t\t\t\t\t\t\t\t\t\t\t\t\t<\/div>\n\t\t\t\t<\/div>\n\t\t\t\t<div class=\"elementor-element elementor-element-2e5b96c elementor-widget elementor-widget-heading\" data-id=\"2e5b96c\" data-element_type=\"widget\" data-e-type=\"widget\" data-widget_type=\"heading.default\">\n\t\t\t\t<div class=\"elementor-widget-container\">\n\t\t\t\t\t<h2 class=\"elementor-heading-title elementor-size-default\"><a href=\"https:\/\/visitvendsyssel.dk\/de\/strandby-erhvervsnetvaerk\/\">Strandby Business Network <\/a><\/h2>\t\t\t\t<\/div>\n\t\t\t\t<\/div>\n\t\t\t\t<\/div>\n\t\t<div data-particle_enable=\"false\" data-particle-mobile-disabled=\"false\" class=\"elementor-element elementor-element-50741ee e-con-full e-flex e-con e-child\" data-id=\"50741ee\" data-element_type=\"container\" data-e-type=\"container\">\n\t\t\t\t<div class=\"elementor-element elementor-element-56a88a3 elementor-widget elementor-widget-image\" data-id=\"56a88a3\" data-element_type=\"widget\" data-e-type=\"widget\" data-widget_type=\"image.default\">\n\t\t\t\t<div class=\"elementor-widget-container\">\n\t\t\t\t\t\t\t\t\t\t\t\t\t\t\t\t<a href=\"https:\/\/visitvendsyssel.dk\/de\/stena-line\/\">\n\t\t\t\t\t\t\t<img loading=\"lazy\" decoding=\"async\" data-attachment-id=\"18812\" data-permalink=\"https:\/\/visitvendsyssel.dk\/de\/stena-line\/stena-line-4\/\" data-orig-file=\"https:\/\/i0.wp.com\/visitvendsyssel.dk\/wp-content\/uploads\/2025\/04\/Stena-line.webp?fit=500%2C500&amp;ssl=1\" data-orig-size=\"500,500\" data-comments-opened=\"1\" data-image-meta=\"{&quot;aperture&quot;:&quot;0&quot;,&quot;credit&quot;:&quot;&quot;,&quot;camera&quot;:&quot;&quot;,&quot;caption&quot;:&quot;&quot;,&quot;created_timestamp&quot;:&quot;0&quot;,&quot;copyright&quot;:&quot;&quot;,&quot;focal_length&quot;:&quot;0&quot;,&quot;iso&quot;:&quot;0&quot;,&quot;shutter_speed&quot;:&quot;0&quot;,&quot;title&quot;:&quot;&quot;,&quot;orientation&quot;:&quot;0&quot;}\" data-image-title=\"Stena line\" data-image-description=\"\" data-image-caption=\"\" data-large-file=\"https:\/\/i0.wp.com\/visitvendsyssel.dk\/wp-content\/uploads\/2025\/04\/Stena-line.webp?fit=500%2C500&amp;ssl=1\" width=\"500\" height=\"500\" src=\"https:\/\/i0.wp.com\/visitvendsyssel.dk\/wp-content\/uploads\/2025\/04\/Stena-line.webp?fit=500%2C500&amp;ssl=1\" class=\"elementor-animation-grow attachment-large size-large wp-image-18812\" alt=\"\" srcset=\"https:\/\/i0.wp.com\/visitvendsyssel.dk\/wp-content\/uploads\/2025\/04\/Stena-line.webp?w=500&amp;ssl=1 500w, https:\/\/i0.wp.com\/visitvendsyssel.dk\/wp-content\/uploads\/2025\/04\/Stena-line.webp?resize=300%2C300&amp;ssl=1 300w, https:\/\/i0.wp.com\/visitvendsyssel.dk\/wp-content\/uploads\/2025\/04\/Stena-line.webp?resize=150%2C150&amp;ssl=1 150w, https:\/\/i0.wp.com\/visitvendsyssel.dk\/wp-content\/uploads\/2025\/04\/Stena-line.webp?resize=12%2C12&amp;ssl=1 12w\" sizes=\"(max-width: 500px) 100vw, 500px\" \/>\t\t\t\t\t\t\t\t<\/a>\n\t\t\t\t\t\t\t\t\t\t\t\t\t\t\t<\/div>\n\t\t\t\t<\/div>\n\t\t\t\t<div class=\"elementor-element elementor-element-34ad9c6 elementor-widget elementor-widget-heading\" data-id=\"34ad9c6\" data-element_type=\"widget\" data-e-type=\"widget\" data-widget_type=\"heading.default\">\n\t\t\t\t<div class=\"elementor-widget-container\">\n\t\t\t\t\t<h2 class=\"elementor-heading-title elementor-size-default\"><a href=\"https:\/\/visitvendsyssel.dk\/de\/stena-line\/\">Stena Line<\/a><\/h2>\t\t\t\t<\/div>\n\t\t\t\t<\/div>\n\t\t\t\t<\/div>\n\t\t\t\t\t<\/div>\n\t\t\t\t<\/div>\n\t\t\t\t<\/div>","protected":false},"excerpt":{"rendered":"<p>Strandby Oplevelser De bedste oplevelser i Strandby Strandby Fiskerihavn Strandby Lystb\u00e5dehavn Strandby Havnefest Flere sjove, hyggelige og sp\u00e6ndende oplevelser inde og ude Holder du af vandreture, cykling &#8211; b\u00e5de p\u00e5 MTB eller din egen medbragte, historiske oplevelser og en charmerende bymidte, s\u00e5 er Vendsyssel det helt oplagte feriem\u00e5l for dig. Her venter b\u00e5de skov og [&hellip;]<\/p>\n","protected":false},"author":249072019,"featured_media":0,"parent":0,"menu_order":0,"comment_status":"closed","ping_status":"closed","template":"","meta":{"footnotes":""},"folder":[],"class_list":["post-8775","page","type-page","status-publish","hentry"],"blocksy_meta":{"has_hero_section":"disabled","styles_descriptor":{"styles":{"desktop":"","tablet":"","mobile":""},"google_fonts":[],"version":6}},"jetpack_sharing_enabled":true,"jetpack_shortlink":"https:\/\/wp.me\/PfGbFv-2hx","_links":{"self":[{"href":"https:\/\/visitvendsyssel.dk\/de\/wp-json\/wp\/v2\/pages\/8775","targetHints":{"allow":["GET"]}}],"collection":[{"href":"https:\/\/visitvendsyssel.dk\/de\/wp-json\/wp\/v2\/pages"}],"about":[{"href":"https:\/\/visitvendsyssel.dk\/de\/wp-json\/wp\/v2\/types\/page"}],"author":[{"embeddable":true,"href":"https:\/\/visitvendsyssel.dk\/de\/wp-json\/wp\/v2\/users\/249072019"}],"replies":[{"embeddable":true,"href":"https:\/\/visitvendsyssel.dk\/de\/wp-json\/wp\/v2\/comments?post=8775"}],"version-history":[{"count":27,"href":"https:\/\/visitvendsyssel.dk\/de\/wp-json\/wp\/v2\/pages\/8775\/revisions"}],"predecessor-version":[{"id":20088,"href":"https:\/\/visitvendsyssel.dk\/de\/wp-json\/wp\/v2\/pages\/8775\/revisions\/20088"}],"wp:attachment":[{"href":"https:\/\/visitvendsyssel.dk\/de\/wp-json\/wp\/v2\/media?parent=8775"}],"wp:term":[{"taxonomy":"folder","embeddable":true,"href":"https:\/\/visitvendsyssel.dk\/de\/wp-json\/wp\/v2\/folder?post=8775"}],"curies":[{"name":"wp","href":"https:\/\/api.w.org\/{rel}","templated":true}]}}