{"id":7167,"date":"2024-05-07T06:09:24","date_gmt":"2024-05-07T04:09:24","guid":{"rendered":"https:\/\/visitvendsyssel.dk\/?page_id=7167"},"modified":"2026-01-20T15:18:48","modified_gmt":"2026-01-20T14:18:48","slug":"voergaard-slot-saeby","status":"publish","type":"page","link":"https:\/\/visitvendsyssel.dk\/en\/voergaard-slot-saeby\/","title":{"rendered":"Voergaard Slot S\u00e6by"},"content":{"rendered":"<div data-elementor-type=\"wp-page\" data-elementor-id=\"7167\" class=\"elementor elementor-7167\" data-elementor-post-type=\"page\">\n\t\t\t\t\t\t<section data-particle_enable=\"false\" data-particle-mobile-disabled=\"false\" class=\"elementor-section elementor-top-section elementor-element elementor-element-252721bf ct-section-stretched elementor-section-boxed elementor-section-height-default elementor-section-height-default\" data-id=\"252721bf\" data-element_type=\"section\" data-e-type=\"section\" data-settings=\"{&quot;background_background&quot;:&quot;classic&quot;}\">\n\t\t\t\t\t\t\t<div class=\"elementor-background-overlay\"><\/div>\n\t\t\t\t\t\t\t<div class=\"elementor-container elementor-column-gap-no\">\n\t\t\t\t\t<div class=\"elementor-column elementor-col-100 elementor-top-column elementor-element elementor-element-bcb1cb7\" data-id=\"bcb1cb7\" data-element_type=\"column\" data-e-type=\"column\">\n\t\t\t<div class=\"elementor-widget-wrap elementor-element-populated\">\n\t\t\t\t\t\t<section data-particle_enable=\"false\" data-particle-mobile-disabled=\"false\" class=\"elementor-section elementor-inner-section elementor-element elementor-element-6ddeef8 elementor-section-boxed elementor-section-height-default elementor-section-height-default\" data-id=\"6ddeef8\" data-element_type=\"section\" data-e-type=\"section\">\n\t\t\t\t\t\t<div class=\"elementor-container elementor-column-gap-no\">\n\t\t\t\t\t<div class=\"elementor-column elementor-col-100 elementor-inner-column elementor-element elementor-element-679e12fc\" data-id=\"679e12fc\" data-element_type=\"column\" data-e-type=\"column\">\n\t\t\t<div class=\"elementor-widget-wrap elementor-element-populated\">\n\t\t\t\t\t\t<div class=\"elementor-element elementor-element-921ca0c elementor-icon-list--layout-inline elementor-widget__width-auto elementor-list-item-link-full_width elementor-widget elementor-widget-icon-list\" data-id=\"921ca0c\" data-element_type=\"widget\" data-e-type=\"widget\" data-widget_type=\"icon-list.default\">\n\t\t\t\t<div class=\"elementor-widget-container\">\n\t\t\t\t\t\t\t<ul class=\"elementor-icon-list-items elementor-inline-items\">\n\t\t\t\t\t\t\t<li class=\"elementor-icon-list-item elementor-inline-item\">\n\t\t\t\t\t\t\t\t\t\t<span class=\"elementor-icon-list-text\">Experiences<\/span>\n\t\t\t\t\t\t\t\t\t<\/li>\n\t\t\t\t\t\t<\/ul>\n\t\t\t\t\t\t<\/div>\n\t\t\t\t<\/div>\n\t\t\t\t<div class=\"elementor-element elementor-element-4b780491 elementor-widget__width-initial elementor-widget elementor-widget-heading\" data-id=\"4b780491\" data-element_type=\"widget\" data-e-type=\"widget\" data-widget_type=\"heading.default\">\n\t\t\t\t<div class=\"elementor-widget-container\">\n\t\t\t\t\t<h2 class=\"elementor-heading-title elementor-size-default\">Voergaard Castle<\/h2>\t\t\t\t<\/div>\n\t\t\t\t<\/div>\n\t\t\t\t<div class=\"elementor-element elementor-element-2de44ecc elementor-widget__width-initial elementor-widget elementor-widget-text-editor\" data-id=\"2de44ecc\" data-element_type=\"widget\" data-e-type=\"widget\" data-widget_type=\"text-editor.default\">\n\t\t\t\t<div class=\"elementor-widget-container\">\n\t\t\t\t\t\t\t\t\t<p><strong>A treasure trove of beautiful things and a story that gives you goosebumps<\/strong><\/p>\t\t\t\t\t\t\t\t<\/div>\n\t\t\t\t<\/div>\n\t\t\t\t\t<\/div>\n\t\t<\/div>\n\t\t\t\t\t<\/div>\n\t\t<\/section>\n\t\t\t\t\t<\/div>\n\t\t<\/div>\n\t\t\t\t\t<\/div>\n\t\t<\/section>\n\t\t<div data-particle_enable=\"false\" data-particle-mobile-disabled=\"false\" class=\"elementor-element elementor-element-6614b0f e-flex e-con-boxed e-con e-parent\" data-id=\"6614b0f\" data-element_type=\"container\" data-e-type=\"container\">\n\t\t\t\t\t<div class=\"e-con-inner\">\n\t\t\t\t\t<\/div>\n\t\t\t\t<\/div>\n\t\t<div data-particle_enable=\"false\" data-particle-mobile-disabled=\"false\" class=\"elementor-element elementor-element-74d216b e-flex e-con-boxed e-con e-parent\" data-id=\"74d216b\" data-element_type=\"container\" data-e-type=\"container\">\n\t\t\t\t\t<div class=\"e-con-inner\">\n\t\t<div data-particle_enable=\"false\" data-particle-mobile-disabled=\"false\" class=\"elementor-element elementor-element-b2cbae8 e-con-full e-flex e-con e-child\" data-id=\"b2cbae8\" data-element_type=\"container\" data-e-type=\"container\">\n\t\t\t\t<div class=\"elementor-element elementor-element-247039c elementor-widget elementor-widget-google_maps\" data-id=\"247039c\" data-element_type=\"widget\" data-e-type=\"widget\" data-widget_type=\"google_maps.default\">\n\t\t\t\t<div class=\"elementor-widget-container\">\n\t\t\t\t\t\t\t<div class=\"elementor-custom-embed\">\n\t\t\t<iframe loading=\"lazy\"\n\t\t\t\t\tsrc=\"https:\/\/maps.google.com\/maps?q=Voergaard%20slot&#038;t=m&#038;z=9&#038;output=embed&#038;iwloc=near\"\n\t\t\t\t\ttitle=\"Voergaard Castle\"\n\t\t\t\t\taria-label=\"Voergaard Castle\"\n\t\t\t><\/iframe>\n\t\t<\/div>\n\t\t\t\t\t\t<\/div>\n\t\t\t\t<\/div>\n\t\t\t\t<\/div>\n\t\t<div data-particle_enable=\"false\" data-particle-mobile-disabled=\"false\" class=\"elementor-element elementor-element-3b49ddf e-con-full e-flex e-con e-child\" data-id=\"3b49ddf\" data-element_type=\"container\" data-e-type=\"container\">\n\t\t\t\t<div class=\"elementor-element elementor-element-06dea69 elementor-widget elementor-widget-heading\" data-id=\"06dea69\" data-element_type=\"widget\" data-e-type=\"widget\" data-widget_type=\"heading.default\">\n\t\t\t\t<div class=\"elementor-widget-container\">\n\t\t\t\t\t<h2 class=\"elementor-heading-title elementor-size-default\">Denmark's most beautiful manor house<\/h2>\t\t\t\t<\/div>\n\t\t\t\t<\/div>\n\t\t\t\t<div class=\"elementor-element elementor-element-2471508 elementor-widget elementor-widget-text-editor\" data-id=\"2471508\" data-element_type=\"widget\" data-e-type=\"widget\" data-widget_type=\"text-editor.default\">\n\t\t\t\t<div class=\"elementor-widget-container\">\n\t\t\t\t\t\t\t\t\t<p>The stunning Renaissance building was voted Denmark's most beautiful manor house in a poll in 2018, and many visitors to the site recognise this.\u00a0<\/p><p>Step into a fantastical world of fairy tales and spooky ghost stories. Crawl into the dungeon, discover the priceless art treasures and royal antiques, and find the blood stain that won't wash off.<\/p><p><strong>The age of horror and terror<\/strong><\/p><p>Dating back to the 16th century, the castle has been attacked several times and has changed owners countless times. Today, Voergaard Castle is owned by a family foundation whose purpose is to preserve the castle for posterity and keep the art collection open to the public.<\/p><p>Voergaard's most famous dungeon 'Rosedonten' is located in the oldest part of the castle. An adult cannot stand upright or lie stretched out in there, so there are no light or air holes.<\/p><p>A shaft leads from the dungeon to a room two floors above, and you could hear what was being talked about in the dungeon.<\/p><p>Over the years, there have been many tales of mysterious events and visions of a white lady moving around the castle at night. And in the north-east tower room, you'll find a stain on the floor that is said to be the blood of someone who was killed there. And the stain cannot be removed - because it is innocent blood...<\/p><p>In a display case at the castle, you can see the skin of a wild boar that was killed on the castle grounds in the 1700s. The boar was killed on the border between Voergaard and Hundslund, so there was a minor feud and the two farms shared the spoils, so Voergaard got the skin. According to legend, the boar skin must never be removed from Voergaard Castle, or the castle will collapse.<\/p><p>Have an exciting day and visit the beautiful manor house - Voergaard Castle.<\/p>\t\t\t\t\t\t\t\t<\/div>\n\t\t\t\t<\/div>\n\t\t\t\t<\/div>\n\t\t\t\t\t<\/div>\n\t\t\t\t<\/div>\n\t\t<div data-particle_enable=\"false\" data-particle-mobile-disabled=\"false\" class=\"elementor-element elementor-element-b1c2e0e e-flex e-con-boxed e-con e-parent\" data-id=\"b1c2e0e\" data-element_type=\"container\" data-e-type=\"container\">\n\t\t\t\t\t<div class=\"e-con-inner\">\n\t\t\t\t<div class=\"elementor-element elementor-element-d53dcbc elementor-arrows-position-inside elementor-pagination-position-outside elementor-widget elementor-widget-image-carousel\" data-id=\"d53dcbc\" data-element_type=\"widget\" data-e-type=\"widget\" data-settings=\"{&quot;slides_to_show&quot;:&quot;1&quot;,&quot;navigation&quot;:&quot;both&quot;,&quot;autoplay&quot;:&quot;yes&quot;,&quot;pause_on_hover&quot;:&quot;yes&quot;,&quot;pause_on_interaction&quot;:&quot;yes&quot;,&quot;autoplay_speed&quot;:5000,&quot;infinite&quot;:&quot;yes&quot;,&quot;effect&quot;:&quot;slide&quot;,&quot;speed&quot;:500}\" data-widget_type=\"image-carousel.default\">\n\t\t\t\t<div class=\"elementor-widget-container\">\n\t\t\t\t\t\t\t<div class=\"elementor-image-carousel-wrapper swiper\" role=\"region\" aria-roledescription=\"carousel\" aria-label=\"Image Carousel\" dir=\"ltr\">\n\t\t\t<div class=\"elementor-image-carousel swiper-wrapper\" aria-live=\"off\">\n\t\t\t\t\t\t\t\t<div class=\"swiper-slide\" role=\"group\" aria-roledescription=\"slide\" aria-label=\"1 of 1\" data-no-translation-aria-label=\"\"><figure class=\"swiper-slide-inner\"><img decoding=\"async\" class=\"swiper-slide-image\" src=\"https:\/\/i0.wp.com\/visitvendsyssel.dk\/wp-content\/uploads\/2024\/05\/Voergaard-Slot-1600x900-1.webp?fit=1440%2C810&amp;ssl=1\" alt=\"Voergaard Castle 1600x900 (1)\" \/><\/figure><\/div>\t\t\t<\/div>\n\t\t\t\t\t<\/div>\n\t\t\t\t\t\t<\/div>\n\t\t\t\t<\/div>\n\t\t\t\t\t<\/div>\n\t\t\t\t<\/div>\n\t\t<div data-particle_enable=\"false\" data-particle-mobile-disabled=\"false\" class=\"elementor-element elementor-element-5505b1d e-flex e-con-boxed e-con e-parent\" data-id=\"5505b1d\" data-element_type=\"container\" data-e-type=\"container\">\n\t\t\t\t\t<div class=\"e-con-inner\">\n\t\t\t\t<div class=\"elementor-element elementor-element-1896139 elementor-widget elementor-widget-text-editor\" data-id=\"1896139\" data-element_type=\"widget\" data-e-type=\"widget\" data-widget_type=\"text-editor.default\">\n\t\t\t\t<div class=\"elementor-widget-container\">\n\t\t\t\t\t\t\t\t\t<div id=\"region-5273\" class=\"\"><div class=\"pt-4 pb-4 container\"><div class=\"row justify-content-center\"><div class=\"col-12 col-md-12 col-lg-12 aos-init aos-animate\" data-aos=\"fade\"><div class=\"cms-content-picker\"><div class=\"cms-content-child\"><div class=\"paragraph html-content paragraph--type--html-content paragraph--view-mode--default\"><div class=\"cms-text-content\"><p class=\"text-align-center\"><strong><b>Voergaard Slot | Voergaard 6<\/b><b>\u00a0 | 9330 Dronninglund<\/b><b>\u00a0 | <\/b>+45 98 86 71 08<b>\u00a0 | info@voergaardslot.dk<\/b><b>\u00a0 | <a href=\"http:\/\/www.voergaardslot.dk\" rel=\"nofollow\">http:\/\/www.voergaardslot.dk<\/a><\/b><\/strong><\/p><\/div><\/div><\/div><\/div><\/div><\/div><\/div><\/div><div id=\"region-3416\" class=\"\"><div class=\"pt-4 pb-4 container\"><div class=\"row\"><div class=\"col-12 col-md-12 col-lg-12 aos-init aos-animate\" data-aos=\"fade\"><div class=\"cms-content-picker\"><div class=\"cms-content-child\"><div class=\"paragraph html-content paragraph--type--html-content paragraph--view-mode--default\"><div class=\"cms-text-content\">\u00a0<\/div><\/div><\/div><\/div><\/div><\/div><\/div><\/div>\t\t\t\t\t\t\t\t<\/div>\n\t\t\t\t<\/div>\n\t\t\t\t\t<\/div>\n\t\t\t\t<\/div>\n\t\t\t\t<\/div>","protected":false},"excerpt":{"rendered":"<p>Oplevelser Voergaard Slot Et sandt skattekammer af smukke ting og en historie, der giver g\u00e5sehud Danmarks smukkeste herreg\u00e5rd Den fantastisk flotte ren\u00e6ssancebygning, blev ved en afstemning i 2018, k\u00e5ret som Danmarks flotteste herreg\u00e5rd, og det kan stedets mange bes\u00f8gende nikke genkendende til.\u00a0 Gl\u00e6d dig til at tr\u00e6de indenfor til en fantastisk verden med eventyrlige fort\u00e6llinger [&hellip;]<\/p>\n","protected":false},"author":249072019,"featured_media":0,"parent":0,"menu_order":0,"comment_status":"closed","ping_status":"closed","template":"","meta":{"footnotes":""},"folder":[],"class_list":["post-7167","page","type-page","status-publish","hentry"],"blocksy_meta":{"has_hero_section":"disabled","styles_descriptor":{"styles":{"desktop":"","tablet":"","mobile":""},"google_fonts":[],"version":6}},"jetpack_sharing_enabled":true,"jetpack_shortlink":"https:\/\/wp.me\/PfGbFv-1RB","_links":{"self":[{"href":"https:\/\/visitvendsyssel.dk\/en\/wp-json\/wp\/v2\/pages\/7167","targetHints":{"allow":["GET"]}}],"collection":[{"href":"https:\/\/visitvendsyssel.dk\/en\/wp-json\/wp\/v2\/pages"}],"about":[{"href":"https:\/\/visitvendsyssel.dk\/en\/wp-json\/wp\/v2\/types\/page"}],"author":[{"embeddable":true,"href":"https:\/\/visitvendsyssel.dk\/en\/wp-json\/wp\/v2\/users\/249072019"}],"replies":[{"embeddable":true,"href":"https:\/\/visitvendsyssel.dk\/en\/wp-json\/wp\/v2\/comments?post=7167"}],"version-history":[{"count":18,"href":"https:\/\/visitvendsyssel.dk\/en\/wp-json\/wp\/v2\/pages\/7167\/revisions"}],"predecessor-version":[{"id":21197,"href":"https:\/\/visitvendsyssel.dk\/en\/wp-json\/wp\/v2\/pages\/7167\/revisions\/21197"}],"wp:attachment":[{"href":"https:\/\/visitvendsyssel.dk\/en\/wp-json\/wp\/v2\/media?parent=7167"}],"wp:term":[{"taxonomy":"folder","embeddable":true,"href":"https:\/\/visitvendsyssel.dk\/en\/wp-json\/wp\/v2\/folder?post=7167"}],"curies":[{"name":"wp","href":"https:\/\/api.w.org\/{rel}","templated":true}]}}